{"id":40,"date":"2017-09-29T17:25:48","date_gmt":"2017-09-29T17:25:48","guid":{"rendered":"https:\/\/www.hochzeitammeer.com\/?page_id=40"},"modified":"2020-12-28T15:38:13","modified_gmt":"2020-12-28T15:38:13","slug":"kontakt","status":"publish","type":"page","link":"https:\/\/www.hochzeitammeer.com\/index.php\/kontakt\/","title":{"rendered":"Kontakt"},"content":{"rendered":"<h3><\/h3>\n<h3>\u00dcberzeugen Sie sich selbst \u2013 Bitte kontaktieren sie uns und wir machen ihnen gerne ein unverbindliches Erst-Beratungsgespr\u00e4ch!<\/h3>\n<p>Kontakt:<\/p>\n<p><strong>Ansprechperson:\u00a0<\/strong> G\u00fcnter Rath<\/p>\n<p>Mail.: info (at) hochzeitammeer.com<\/p>\n<p>Mob.: +385\/98-91-52-109<\/p>\n<p>Tel.: +385\/(o51) 221-945<\/p>\n<p>&nbsp;<\/p>\n<h2 style=\"text-align: center;\">IMPRESSUM<\/h2>\n<p>Firma:<\/p>\n<p>Rath d.o.o. (turisti\u010dka argencija dru\u0161tvo s organi\u010denom odgovorno\u0161\u0107u)<br \/>\nDubrovacka 10<br \/>\n51500 Krk<br \/>\nSteuer Nr. bzw. OIB HR70453444655<\/p>\n<p><span class=\"responsive\"><\/p>\n<p><img loading=\"lazy\" decoding=\"async\" class=\"alignnone wp-image-170 \" src=\"https:\/\/www.hochzeitammeer.com\/wp-content\/uploads\/2017\/09\/impressum_eyecatcher.jpg\" alt=\"\" width=\"327\" height=\"140\" srcset=\"https:\/\/www.hochzeitammeer.com\/wp-content\/uploads\/2017\/09\/impressum_eyecatcher.jpg 1280w, https:\/\/www.hochzeitammeer.com\/wp-content\/uploads\/2017\/09\/impressum_eyecatcher-300x128.jpg 300w, https:\/\/www.hochzeitammeer.com\/wp-content\/uploads\/2017\/09\/impressum_eyecatcher-768x329.jpg 768w, https:\/\/www.hochzeitammeer.com\/wp-content\/uploads\/2017\/09\/impressum_eyecatcher-1024x438.jpg 1024w, https:\/\/www.hochzeitammeer.com\/wp-content\/uploads\/2017\/09\/impressum_eyecatcher-700x300.jpg 700w\" sizes=\"auto, (max-width: 327px) 100vw, 327px\" \/><\/span><\/p>\n<p><strong>Haftungsausschluss<\/strong><\/p>\n<p><strong>1. Inhalt des Onlineangebotes<\/strong><br \/>\nDer Autor \u00fcbernimmt keinerlei Gew\u00e4hr f\u00fcr die Aktualit\u00e4t, Korrektheit, Vollst\u00e4ndigkeit oder Qualit\u00e4t der bereitgestellten Informationen. Haftungsanspr\u00fcche gegen der Autor, die sich auf Sch\u00e4den materieller oder ideeller Art beziehen, welche durch die Nutzung oder Nichtnutzung der dargebotenen Informationen bzw. durch die Nutzung fehlerhafter und unvollst\u00e4ndiger Informationen verursacht wurden, sind grunds\u00e4tzlich ausgeschlossen, sofern seitens der AutorIn kein nachweislich vors\u00e4tzliches oder grob fahrl\u00e4ssiges Verschulden vorliegt.<br \/>\nAlle Angebote sind freibleibend und unverbindlich. Der Autor beh\u00e4lt es sich ausdr\u00fccklich vor, Teile der Seiten oder das gesamte Angebot ohne gesonderte Ank\u00fcndigung zu ver\u00e4ndern, zu erg\u00e4nzen, zu l\u00f6schen oder die Ver\u00f6ffentlichung zeitweise oder endg\u00fcltig einzustellen.<\/p>\n<p><strong>2. Verweise und Links<span class=\"responsive\"><a href=\"http:\/\/styria-guenis-diving-group.com\/wp-content\/uploads\/2016\/01\/impressum-logo2.jpg\" rel=\"attachment wp-att-4112\"><img loading=\"lazy\" decoding=\"async\" class=\"alignleft wp-image-4112 size-medium\" src=\"http:\/\/styria-guenis-diving-group.com\/wp-content\/uploads\/2016\/01\/impressum-logo2-300x232.jpg\" alt=\"impressum logo2\" width=\"300\" height=\"232\" \/><\/a><\/span><\/strong><br \/>\nSofern auf Verweisziele (\u201cLinks\u201d) direkt oder indirekt verwiesen wird, die au\u00dferhalb des Verantwortungsbereiches der AutorIn liegen, haftet diese nur dann, wenn sie von den Inhalten Kenntnis hat und es ihr technisch m\u00f6glich und zumutbar w\u00e4re, die Nutzung im Falle rechtswidriger Inhalte zu verhindern. F\u00fcr dar\u00fcber hinausgehende Inhalte und insbesondere f\u00fcr Sch\u00e4den, die aus der Nutzung oder Nichtnutzung solcherart dargebotener Informationen entstehen, haftet allein der Anbieter\/die Anbieterin dieser Seiten, nicht diejenige, die \u00fcber Links auf die jeweilige Ver\u00f6ffentlichung lediglich verweist. Diese Einschr\u00e4nkung gilt gleicherma\u00dfen auch f\u00fcr Fremdeintr\u00e4ge in von der AutorIn eingerichteten G\u00e4steb\u00fcchern, Diskussionsforen, Chatrooms und Mailinglisten. Der Autor ist nicht verantwortlich f\u00fcr Eintr\u00e4ge dritter Personen dort. Rassistische, sexistische und menschenverachtende Eintr\u00e4ge werden nach Kenntnisnahme durch der Autor unverz\u00fcglich gel\u00f6scht.<\/p>\n<p><strong>3. Urheberrecht<span class=\"responsive\"><a href=\"http:\/\/styria-guenis-diving-group.com\/wp-content\/uploads\/2016\/01\/urheberrecht.jpg\" rel=\"attachment wp-att-4113\"><img loading=\"lazy\" decoding=\"async\" class=\"alignright wp-image-4113 size-medium\" src=\"http:\/\/styria-guenis-diving-group.com\/wp-content\/uploads\/2016\/01\/urheberrecht-300x135.jpg\" alt=\"impressum\" width=\"300\" height=\"135\" \/><\/a><\/span><\/strong><br \/>\nDer Autor ist bestrebt, in allen Publikationen die <a href=\"https:\/\/de.wikipedia.org\/wiki\/Urheberrecht\" target=\"_blank\" rel=\"noopener\">Urheberrechte<\/a> der verwendeten Grafiken, Sounds und Texte zu beachten, von ihr selbst erstellte Grafiken, Sounds und Texte zu nutzen oder auf lizenzfreie Grafiken, Sounds und Texte zur\u00fcckzugreifen. Sollte sich auf den jeweiligen Seiten dennoch eine ungekennzeichnete, aber durch fremdes Copyright gesch\u00fctzte Grafik, ein Sound oder Text befinden, so konnte das Copyright von der AutorIn nicht festgestellt werden. Im Falle einer solchen unbeabsichtigten Copyrightverletzung wird der Autor das entsprechende Objekt nach Benachrichtigung aus ihrer Publikation entfernen bzw. mit dem entsprechenden Copyright kenntlich machen.<br \/>\nDas Copyright f\u00fcr ver\u00f6ffentlichte, von der AutorIn selbst erstellte Objekte bleibt allein bei der AutorIn der Seiten. Eine Vervielf\u00e4ltigung oder Verwendung solcher Grafiken, Sounds oder Texte in anderen elektronischen oder gedruckten Publikationen ist ohne ausdr\u00fcckliche vorherige Zustimmung der AutorIn nicht gestattet.<\/p>\n<p><strong>4. Rechtswirksamkeit dieses Haftungsausschlusses<\/strong><br \/>\nDieser Haftungsausschluss ist als Teil des Internet-Angebotes zu betrachten, von dem aus auf diese Seite verwiesen wurde. Sofern Teile oder einzelne Formulierungen dieses Textes der geltenden Rechtslage nicht, nicht mehr oder nicht vollst\u00e4ndig entsprechen sollten, bleiben die \u00fcbrigen Teile des Dokumentes in ihrem Inhalt und ihrer G\u00fcltigkeit davon unber\u00fchrt.<\/p>\n<p><strong>5. Hinweis \u2013 Google Analytics<span class=\"responsive\"><a href=\"http:\/\/styria-guenis-diving-group.com\/wp-content\/uploads\/2016\/01\/mit-google-tauchen_5332b250.jpg\" rel=\"attachment wp-att-4114\"><img loading=\"lazy\" decoding=\"async\" class=\"alignleft wp-image-4114 size-medium\" src=\"http:\/\/styria-guenis-diving-group.com\/wp-content\/uploads\/2016\/01\/mit-google-tauchen_5332b250-300x91.jpg\" alt=\"impressum\" width=\"300\" height=\"91\" \/><\/a><\/span><\/strong><br \/>\nHinweis \u2013 Google Analytics \u201eDiese Website benutzt Google Analytics, einen Webanalysedienst der Google Inc. (\u201eGoogle\u201c) Google Analytics verwendet sog. \u201eCookies\u201c, Textdateien, die auf Ihrem Computer gespeichert werden und die eine Analyse der Benutzung der Website durch Sie erm\u00f6glicht. Die durch den Cookie erzeugten Informationen \u00fcber Ihre Benutzung diese Website (einschlie\u00dflich Ihrer IP-Adresse) wird an einen Server von Google in den USA \u00fcbertragen und dort gespeichert. Google wird diese Informationen benutzen, um Ihre Nutzung der Website auszuwerten, um Reports \u00fcber die Websiteaktivit\u00e4ten f\u00fcr die Websitebetreiber zusammenzustellen und um weitere mit der Websitenutzung und der Internetnutzung verbundene Dienstleistungen zu erbringen. Auch wird Google diese Informationen gegebenenfalls an Dritte \u00fcbertragen, sofern dies gesetzlich vorgeschrieben oder soweit Dritte diese Daten im Auftrag von Google verarbeiten. Google wird in keinem Fall Ihre IP-Adresse mit anderen Daten der Google in Verbindung bringen. Sie k\u00f6nnen die Installation der Cookies durch eine entsprechende Einstellung Ihrer Browser Software verhindern; wir weisen Sie jedoch darauf hin, dass Sie in diesem Fall gegebenenfalls nicht s\u00e4mtliche Funktionen dieser Website voll umf\u00e4nglich nutzen k\u00f6nnen. Durch die Nutzung dieser Website erkl\u00e4ren Sie sich mit der Bearbeitung der \u00fcber Sie erhobenen Daten durch Google in der zuvor beschriebenen Art und Weise und zu dem zuvor benannten Zweck einverstanden.\u201c<\/p>\n<p>&nbsp;<\/p>\n<p>&nbsp;<\/p>\n<p>&nbsp;<\/p>\n","protected":false},"excerpt":{"rendered":"<p>\u00dcberzeugen Sie sich selbst \u2013 Bitte kontaktieren sie uns und wir machen ihnen gerne ein unverbindliches Erst-Beratungsgespr\u00e4ch! Kontakt: Ansprechperson:\u00a0 G\u00fcnter Rath Mail.: info (at) hochzeitammeer.com Mob.: +385\/98-91-52-109 Tel.: +385\/(o51) 221-945\u2026 <a href=\"https:\/\/www.hochzeitammeer.com\/index.php\/kontakt\/\" class=\"read-more-link\">weiterlesen &rarr;<\/a><\/p>\n","protected":false},"author":2,"featured_media":0,"parent":0,"menu_order":0,"comment_status":"closed","ping_status":"closed","template":"page-fullwidth.php","meta":{"footnotes":""},"class_list":["post-40","page","type-page","status-publish","hentry"],"aioseo_notices":[],"_links":{"self":[{"href":"https:\/\/www.hochzeitammeer.com\/index.php\/wp-json\/wp\/v2\/pages\/40","targetHints":{"allow":["GET"]}}],"collection":[{"href":"https:\/\/www.hochzeitammeer.com\/index.php\/wp-json\/wp\/v2\/pages"}],"about":[{"href":"https:\/\/www.hochzeitammeer.com\/index.php\/wp-json\/wp\/v2\/types\/page"}],"author":[{"embeddable":true,"href":"https:\/\/www.hochzeitammeer.com\/index.php\/wp-json\/wp\/v2\/users\/2"}],"replies":[{"embeddable":true,"href":"https:\/\/www.hochzeitammeer.com\/index.php\/wp-json\/wp\/v2\/comments?post=40"}],"version-history":[{"count":22,"href":"https:\/\/www.hochzeitammeer.com\/index.php\/wp-json\/wp\/v2\/pages\/40\/revisions"}],"predecessor-version":[{"id":270,"href":"https:\/\/www.hochzeitammeer.com\/index.php\/wp-json\/wp\/v2\/pages\/40\/revisions\/270"}],"wp:attachment":[{"href":"https:\/\/www.hochzeitammeer.com\/index.php\/wp-json\/wp\/v2\/media?parent=40"}],"curies":[{"name":"wp","href":"https:\/\/api.w.org\/{rel}","templated":true}]}}