{"id":35,"date":"2017-09-29T17:25:04","date_gmt":"2017-09-29T17:25:04","guid":{"rendered":"https:\/\/www.hochzeitammeer.com\/?page_id=35"},"modified":"2018-04-27T15:59:41","modified_gmt":"2018-04-27T15:59:41","slug":"unter-wasser","status":"publish","type":"page","link":"https:\/\/www.hochzeitammeer.com\/index.php\/unter-wasser\/","title":{"rendered":"Unterwasser"},"content":{"rendered":"<h2>Unterwasser Hochzeit<\/h2>\n<p>Sie lieben das k\u00fchle Nass und w\u00fcnschen sich einen unvergesslichen Hochzeitsevent?<\/p>\n<p>Wie w\u00e4re es dann mit einer Trauung unter Wasser!<\/p>\n<p><strong>Hochzeit am Meer<\/strong> organisiert f\u00fcr euch die au\u00dfergew\u00f6hnliche Hochzeit Unterwasser an den umliegenden Inseln rund um die Insel Krk.<\/p>\n<p>&nbsp;<\/p>\n<p><span class=\"responsive\"><\/p>\n\n\t\t<style type=\"text\/css\">\n\t\t\t#gallery-1 {\n\t\t\t\tmargin: auto;\n\t\t\t}\n\t\t\t#gallery-1 .gallery-item {\n\t\t\t\tfloat: left;\n\t\t\t\tmargin-top: 10px;\n\t\t\t\ttext-align: center;\n\t\t\t\twidth: 25%;\n\t\t\t}\n\t\t\t#gallery-1 img {\n\t\t\t\tborder: 2px solid #cfcfcf;\n\t\t\t}\n\t\t\t#gallery-1 .gallery-caption {\n\t\t\t\tmargin-left: 0;\n\t\t\t}\n\t\t\t\/* see gallery_shortcode() in wp-includes\/media.php *\/\n\t\t<\/style>\n\t\t<div id='gallery-1' class='gallery galleryid-35 gallery-columns-4 gallery-size-thumbnail'><dl class='gallery-item'>\n\t\t\t<dt class='gallery-icon landscape'>\n\t\t\t\t<a rel=\"prettyPhoto[slides]\" href='https:\/\/www.hochzeitammeer.com\/wp-content\/uploads\/2017\/09\/20160918-MAC_8648.jpg'><img loading=\"lazy\" decoding=\"async\" width=\"150\" height=\"150\" src=\"https:\/\/www.hochzeitammeer.com\/wp-content\/uploads\/2017\/09\/20160918-MAC_8648-150x150.jpg\" class=\"attachment-thumbnail size-thumbnail\" alt=\"\" srcset=\"https:\/\/www.hochzeitammeer.com\/wp-content\/uploads\/2017\/09\/20160918-MAC_8648-150x150.jpg 150w, https:\/\/www.hochzeitammeer.com\/wp-content\/uploads\/2017\/09\/20160918-MAC_8648-60x60.jpg 60w\" sizes=\"auto, (max-width: 150px) 100vw, 150px\" \/><\/a>\n\t\t\t<\/dt><\/dl><dl class='gallery-item'>\n\t\t\t<dt class='gallery-icon landscape'>\n\t\t\t\t<a rel=\"prettyPhoto[slides]\" href='https:\/\/www.hochzeitammeer.com\/wp-content\/uploads\/2017\/09\/20160918-MAC_8711.jpg'><img loading=\"lazy\" decoding=\"async\" width=\"150\" height=\"150\" src=\"https:\/\/www.hochzeitammeer.com\/wp-content\/uploads\/2017\/09\/20160918-MAC_8711-150x150.jpg\" class=\"attachment-thumbnail size-thumbnail\" alt=\"\" srcset=\"https:\/\/www.hochzeitammeer.com\/wp-content\/uploads\/2017\/09\/20160918-MAC_8711-150x150.jpg 150w, https:\/\/www.hochzeitammeer.com\/wp-content\/uploads\/2017\/09\/20160918-MAC_8711-60x60.jpg 60w\" sizes=\"auto, (max-width: 150px) 100vw, 150px\" \/><\/a>\n\t\t\t<\/dt><\/dl><dl class='gallery-item'>\n\t\t\t<dt class='gallery-icon landscape'>\n\t\t\t\t<a rel=\"prettyPhoto[slides]\" href='https:\/\/www.hochzeitammeer.com\/wp-content\/uploads\/2017\/09\/Unter-Wasser-Tauchen-Erleben-ja-sagen-Traum-Hochzeit.jpg'><img loading=\"lazy\" decoding=\"async\" width=\"150\" height=\"150\" src=\"https:\/\/www.hochzeitammeer.com\/wp-content\/uploads\/2017\/09\/Unter-Wasser-Tauchen-Erleben-ja-sagen-Traum-Hochzeit-150x150.jpg\" class=\"attachment-thumbnail size-thumbnail\" alt=\"\" aria-describedby=\"gallery-1-52\" srcset=\"https:\/\/www.hochzeitammeer.com\/wp-content\/uploads\/2017\/09\/Unter-Wasser-Tauchen-Erleben-ja-sagen-Traum-Hochzeit-150x150.jpg 150w, https:\/\/www.hochzeitammeer.com\/wp-content\/uploads\/2017\/09\/Unter-Wasser-Tauchen-Erleben-ja-sagen-Traum-Hochzeit-60x60.jpg 60w\" sizes=\"auto, (max-width: 150px) 100vw, 150px\" \/><\/a>\n\t\t\t<\/dt>\n\t\t\t\t<dd class='wp-caption-text gallery-caption' id='gallery-1-52'>\n\t\t\t\tUnterwasser\n\t\t\t\t<\/dd><\/dl><dl class='gallery-item'>\n\t\t\t<dt class='gallery-icon landscape'>\n\t\t\t\t<a rel=\"prettyPhoto[slides]\" href='https:\/\/www.hochzeitammeer.com\/wp-content\/uploads\/2017\/09\/kleinklein20160918-MAC_8549.jpg'><img loading=\"lazy\" decoding=\"async\" width=\"150\" height=\"150\" src=\"https:\/\/www.hochzeitammeer.com\/wp-content\/uploads\/2017\/09\/kleinklein20160918-MAC_8549-150x150.jpg\" class=\"attachment-thumbnail size-thumbnail\" alt=\"\" srcset=\"https:\/\/www.hochzeitammeer.com\/wp-content\/uploads\/2017\/09\/kleinklein20160918-MAC_8549-150x150.jpg 150w, https:\/\/www.hochzeitammeer.com\/wp-content\/uploads\/2017\/09\/kleinklein20160918-MAC_8549-60x60.jpg 60w\" sizes=\"auto, (max-width: 150px) 100vw, 150px\" \/><\/a>\n\t\t\t<\/dt><\/dl><br style=\"clear: both\" \/>\n\t\t<\/div>\n\n<h2><\/span><br \/>\nUnterwasser Hochzeit<\/h2>\n<p><strong>Was Sie daf\u00fcr mitbringen m\u00fcssen<\/strong><\/p>\n<p>Um diese einmalige Hochzeit unter Wasser durchf\u00fchren zu k\u00f6nnen, ben\u00f6tigen Sie einen Tauchschein (minimum OWD), falls sie keinen haben k\u00f6nnen auch wir es auch organisieren (bei unserer eigenen Tauchschule) einen Tauchschein im Vorfeld bei uns in Krk in ca. 4 Tagen zu absolvieren.<\/p>\n<p>Erf\u00fcllen Sie diese Voraussetzungen, steht Ihrer Trauung unter Wasser nichts mehr im Wege. Ihre Hochzeitsg\u00e4ste haben die M\u00f6glichkeit, die au\u00dfergew\u00f6hnliche Zeremonie an der Wasseroberfl\u00e4che mit Tauchermaske und Schnorchel von oben (oder auch falls sie selbst Taucher sind unter Wasser) zu verfolgen.<\/p>\n<p>Im kristallklaren Wasser der Kvarner Bucht k\u00f6nnen Sie Ihrem Liebsten in ca. 5-8m Metern Tiefe das Jawort geben. Begleitet und gesichert wird die ganze Zeremonie von erfahrenen Tauchlehrer und Unterwasser Guides der Region.<\/p>\n<p>Wir haben auch eigene Unterwasserfotografen, Tauchboote, Unterwasseraltar sowie reichlich Tauchausr\u00fcstungen und Tauchflaschen f\u00fcr das einmalige Hochzeitevent zur Verf\u00fcgung.<\/p>\n<h2>Unterwasser Hochzeit<\/h2>\n<blockquote class=\"wp-embedded-content\" data-secret=\"35U70etgNO\"><p><a href=\"https:\/\/www.hochzeitammeer.com\/index.php\/unter-wasser\/\">Unterwasser<\/a><\/p><\/blockquote>\n<p><iframe loading=\"lazy\" class=\"wp-embedded-content\" sandbox=\"allow-scripts\" security=\"restricted\" style=\"position: absolute; visibility: hidden;\" title=\"&#8222;Unterwasser&#8220; &#8212; Hochzeit am Meer\" src=\"https:\/\/www.hochzeitammeer.com\/index.php\/unter-wasser\/embed\/#?secret=8AM0OJZhEB#?secret=35U70etgNO\" data-secret=\"35U70etgNO\" width=\"600\" height=\"338\" frameborder=\"0\" marginwidth=\"0\" marginheight=\"0\" scrolling=\"no\"><\/iframe><\/p>\n<blockquote class=\"wp-embedded-content\" data-secret=\"nrxBCVEWZt\"><p><a href=\"https:\/\/www.hochzeitammeer.com\/\">Home<\/a><\/p><\/blockquote>\n<p><iframe loading=\"lazy\" class=\"wp-embedded-content\" sandbox=\"allow-scripts\" security=\"restricted\" style=\"position: absolute; visibility: hidden;\" title=\"&#8222;Home&#8220; &#8212; Hochzeit am Meer\" src=\"https:\/\/www.hochzeitammeer.com\/embed\/#?secret=AYESKCAiXA#?secret=nrxBCVEWZt\" data-secret=\"nrxBCVEWZt\" width=\"600\" height=\"338\" frameborder=\"0\" marginwidth=\"0\" marginheight=\"0\" scrolling=\"no\"><\/iframe><\/p>\n","protected":false},"excerpt":{"rendered":"<p>Unterwasser Hochzeit Sie lieben das k\u00fchle Nass und w\u00fcnschen sich einen unvergesslichen Hochzeitsevent? Wie w\u00e4re es dann mit einer Trauung unter Wasser! Hochzeit am Meer organisiert f\u00fcr euch die au\u00dfergew\u00f6hnliche\u2026 <a href=\"https:\/\/www.hochzeitammeer.com\/index.php\/unter-wasser\/\" class=\"read-more-link\">weiterlesen &rarr;<\/a><\/p>\n","protected":false},"author":2,"featured_media":164,"parent":0,"menu_order":0,"comment_status":"closed","ping_status":"closed","template":"page-fullwidth.php","meta":{"footnotes":""},"class_list":["post-35","page","type-page","status-publish","has-post-thumbnail","hentry"],"aioseo_notices":[],"_links":{"self":[{"href":"https:\/\/www.hochzeitammeer.com\/index.php\/wp-json\/wp\/v2\/pages\/35","targetHints":{"allow":["GET"]}}],"collection":[{"href":"https:\/\/www.hochzeitammeer.com\/index.php\/wp-json\/wp\/v2\/pages"}],"about":[{"href":"https:\/\/www.hochzeitammeer.com\/index.php\/wp-json\/wp\/v2\/types\/page"}],"author":[{"embeddable":true,"href":"https:\/\/www.hochzeitammeer.com\/index.php\/wp-json\/wp\/v2\/users\/2"}],"replies":[{"embeddable":true,"href":"https:\/\/www.hochzeitammeer.com\/index.php\/wp-json\/wp\/v2\/comments?post=35"}],"version-history":[{"count":13,"href":"https:\/\/www.hochzeitammeer.com\/index.php\/wp-json\/wp\/v2\/pages\/35\/revisions"}],"predecessor-version":[{"id":198,"href":"https:\/\/www.hochzeitammeer.com\/index.php\/wp-json\/wp\/v2\/pages\/35\/revisions\/198"}],"wp:featuredmedia":[{"embeddable":true,"href":"https:\/\/www.hochzeitammeer.com\/index.php\/wp-json\/wp\/v2\/media\/164"}],"wp:attachment":[{"href":"https:\/\/www.hochzeitammeer.com\/index.php\/wp-json\/wp\/v2\/media?parent=35"}],"curies":[{"name":"wp","href":"https:\/\/api.w.org\/{rel}","templated":true}]}}