{"id":31,"date":"2017-09-29T17:24:49","date_gmt":"2017-09-29T17:24:49","guid":{"rendered":"https:\/\/www.hochzeitammeer.com\/?page_id=31"},"modified":"2019-12-13T09:54:20","modified_gmt":"2019-12-13T09:54:20","slug":"am-strand","status":"publish","type":"page","link":"https:\/\/www.hochzeitammeer.com\/index.php\/am-strand\/","title":{"rendered":"am Strand"},"content":{"rendered":"<h2>Hochzeit am Strand<\/h2>\n<p>Der Sand ist aufgew\u00e4rmt von der Sonne und das Meer rauscht leise im Hintergrund. Langsam geht bei der Hochzeit die Sonne unter und f\u00e4rbt alles in goldene Farben. Das ist der richtige Moment um JA zu sagen&#8230;.<\/p>\n<p>Wer m\u00f6chte nicht in so einer Kulisse heiraten?<\/p>\n<p><span class=\"responsive\"><img loading=\"lazy\" decoding=\"async\" class=\"size-large wp-image-114\" src=\"https:\/\/www.hochzeitammeer.com\/wp-content\/uploads\/2017\/09\/Boot-Meer-Strand-Trauung-Ja-Sagen-Hochzeit-feiern-Heiraten-Traum-Kroatien-Krk-2-1024x441.jpg\" alt=\"So einfach ist es mit uns den Traum zu erleben\" width=\"960\" height=\"413\" srcset=\"https:\/\/www.hochzeitammeer.com\/wp-content\/uploads\/2017\/09\/Boot-Meer-Strand-Trauung-Ja-Sagen-Hochzeit-feiern-Heiraten-Traum-Kroatien-Krk-2-1024x441.jpg 1024w, https:\/\/www.hochzeitammeer.com\/wp-content\/uploads\/2017\/09\/Boot-Meer-Strand-Trauung-Ja-Sagen-Hochzeit-feiern-Heiraten-Traum-Kroatien-Krk-2-300x129.jpg 300w, https:\/\/www.hochzeitammeer.com\/wp-content\/uploads\/2017\/09\/Boot-Meer-Strand-Trauung-Ja-Sagen-Hochzeit-feiern-Heiraten-Traum-Kroatien-Krk-2-768x331.jpg 768w, https:\/\/www.hochzeitammeer.com\/wp-content\/uploads\/2017\/09\/Boot-Meer-Strand-Trauung-Ja-Sagen-Hochzeit-feiern-Heiraten-Traum-Kroatien-Krk-2-700x300.jpg 700w, https:\/\/www.hochzeitammeer.com\/wp-content\/uploads\/2017\/09\/Boot-Meer-Strand-Trauung-Ja-Sagen-Hochzeit-feiern-Heiraten-Traum-Kroatien-Krk-2.jpg 1800w\" sizes=\"auto, (max-width: 960px) 100vw, 960px\" \/><\/span><\/p>\n<h4>Hochzeit am Strand<\/h4>\n<p>Eine Hochzeit im Freien ist nicht der normale Standard und daher mit etwas zus\u00e4tzlichem Aufwand verbunden. Aber wir organisieren und Planen f\u00fcr euch den gesamten Hochzeitsablauf am Strand von den ihr immer schon getr\u00e4umt habt.<\/p>\n<p>Wer schneewei\u00dfe Sandstr\u00e4nde mit t\u00fcrkisblauen Wasser haben m\u00f6chte und nicht so viel Geld zur Verf\u00fcgung hat&#8230;- es muss nicht immer ein tropischer Strand sein auch bei uns in Kroatien sind wundersch\u00f6ne Str\u00e4nde vorhanden was auch noch Leist bar ist.<\/p>\n<p><span class=\"responsive\"><\/p>\n\n\t\t<style type=\"text\/css\">\n\t\t\t#gallery-1 {\n\t\t\t\tmargin: auto;\n\t\t\t}\n\t\t\t#gallery-1 .gallery-item {\n\t\t\t\tfloat: left;\n\t\t\t\tmargin-top: 10px;\n\t\t\t\ttext-align: center;\n\t\t\t\twidth: 20%;\n\t\t\t}\n\t\t\t#gallery-1 img {\n\t\t\t\tborder: 2px solid #cfcfcf;\n\t\t\t}\n\t\t\t#gallery-1 .gallery-caption {\n\t\t\t\tmargin-left: 0;\n\t\t\t}\n\t\t\t\/* see gallery_shortcode() in wp-includes\/media.php *\/\n\t\t<\/style>\n\t\t<div id='gallery-1' class='gallery galleryid-31 gallery-columns-5 gallery-size-thumbnail'><dl class='gallery-item'>\n\t\t\t<dt class='gallery-icon landscape'>\n\t\t\t\t<a rel=\"prettyPhoto[slides]\" href='https:\/\/www.hochzeitammeer.com\/wp-content\/uploads\/2019\/12\/DSC_0005-Kopie.jpg'><img loading=\"lazy\" decoding=\"async\" width=\"150\" height=\"150\" src=\"https:\/\/www.hochzeitammeer.com\/wp-content\/uploads\/2019\/12\/DSC_0005-Kopie-150x150.jpg\" class=\"attachment-thumbnail size-thumbnail\" alt=\"\" aria-describedby=\"gallery-1-234\" srcset=\"https:\/\/www.hochzeitammeer.com\/wp-content\/uploads\/2019\/12\/DSC_0005-Kopie-150x150.jpg 150w, https:\/\/www.hochzeitammeer.com\/wp-content\/uploads\/2019\/12\/DSC_0005-Kopie-60x60.jpg 60w\" sizes=\"auto, (max-width: 150px) 100vw, 150px\" \/><\/a>\n\t\t\t<\/dt>\n\t\t\t\t<dd class='wp-caption-text gallery-caption' id='gallery-1-234'>\n\t\t\t\tAm Strand\n\t\t\t\t<\/dd><\/dl><dl class='gallery-item'>\n\t\t\t<dt class='gallery-icon landscape'>\n\t\t\t\t<a rel=\"prettyPhoto[slides]\" href='https:\/\/www.hochzeitammeer.com\/wp-content\/uploads\/2019\/12\/DSC_9797-Kopie.jpg'><img loading=\"lazy\" decoding=\"async\" width=\"150\" height=\"150\" src=\"https:\/\/www.hochzeitammeer.com\/wp-content\/uploads\/2019\/12\/DSC_9797-Kopie-150x150.jpg\" class=\"attachment-thumbnail size-thumbnail\" alt=\"\" srcset=\"https:\/\/www.hochzeitammeer.com\/wp-content\/uploads\/2019\/12\/DSC_9797-Kopie-150x150.jpg 150w, https:\/\/www.hochzeitammeer.com\/wp-content\/uploads\/2019\/12\/DSC_9797-Kopie-60x60.jpg 60w\" sizes=\"auto, (max-width: 150px) 100vw, 150px\" \/><\/a>\n\t\t\t<\/dt><\/dl><dl class='gallery-item'>\n\t\t\t<dt class='gallery-icon landscape'>\n\t\t\t\t<a rel=\"prettyPhoto[slides]\" href='https:\/\/www.hochzeitammeer.com\/wp-content\/uploads\/2017\/09\/New-Mexiko-Klein.jpg'><img loading=\"lazy\" decoding=\"async\" width=\"150\" height=\"150\" src=\"https:\/\/www.hochzeitammeer.com\/wp-content\/uploads\/2017\/09\/New-Mexiko-Klein-150x150.jpg\" class=\"attachment-thumbnail size-thumbnail\" alt=\"\" srcset=\"https:\/\/www.hochzeitammeer.com\/wp-content\/uploads\/2017\/09\/New-Mexiko-Klein-150x150.jpg 150w, https:\/\/www.hochzeitammeer.com\/wp-content\/uploads\/2017\/09\/New-Mexiko-Klein-60x60.jpg 60w\" sizes=\"auto, (max-width: 150px) 100vw, 150px\" \/><\/a>\n\t\t\t<\/dt><\/dl><dl class='gallery-item'>\n\t\t\t<dt class='gallery-icon landscape'>\n\t\t\t\t<a rel=\"prettyPhoto[slides]\" href='https:\/\/www.hochzeitammeer.com\/wp-content\/uploads\/2019\/12\/DSC_9827-Kopie.jpg'><img loading=\"lazy\" decoding=\"async\" width=\"150\" height=\"150\" src=\"https:\/\/www.hochzeitammeer.com\/wp-content\/uploads\/2019\/12\/DSC_9827-Kopie-150x150.jpg\" class=\"attachment-thumbnail size-thumbnail\" alt=\"\" srcset=\"https:\/\/www.hochzeitammeer.com\/wp-content\/uploads\/2019\/12\/DSC_9827-Kopie-150x150.jpg 150w, https:\/\/www.hochzeitammeer.com\/wp-content\/uploads\/2019\/12\/DSC_9827-Kopie-60x60.jpg 60w\" sizes=\"auto, (max-width: 150px) 100vw, 150px\" \/><\/a>\n\t\t\t<\/dt><\/dl><dl class='gallery-item'>\n\t\t\t<dt class='gallery-icon landscape'>\n\t\t\t\t<a rel=\"prettyPhoto[slides]\" href='https:\/\/www.hochzeitammeer.com\/wp-content\/uploads\/2019\/12\/DSC_9868-Kopie.jpg'><img loading=\"lazy\" decoding=\"async\" width=\"150\" height=\"150\" src=\"https:\/\/www.hochzeitammeer.com\/wp-content\/uploads\/2019\/12\/DSC_9868-Kopie-150x150.jpg\" class=\"attachment-thumbnail size-thumbnail\" alt=\"\" srcset=\"https:\/\/www.hochzeitammeer.com\/wp-content\/uploads\/2019\/12\/DSC_9868-Kopie-150x150.jpg 150w, https:\/\/www.hochzeitammeer.com\/wp-content\/uploads\/2019\/12\/DSC_9868-Kopie-60x60.jpg 60w\" sizes=\"auto, (max-width: 150px) 100vw, 150px\" \/><\/a>\n\t\t\t<\/dt><\/dl><br style=\"clear: both\" \/><dl class='gallery-item'>\n\t\t\t<dt class='gallery-icon landscape'>\n\t\t\t\t<a rel=\"prettyPhoto[slides]\" href='https:\/\/www.hochzeitammeer.com\/wp-content\/uploads\/2019\/12\/DSC_0022-Kopie.jpg'><img loading=\"lazy\" decoding=\"async\" width=\"150\" height=\"150\" src=\"https:\/\/www.hochzeitammeer.com\/wp-content\/uploads\/2019\/12\/DSC_0022-Kopie-150x150.jpg\" class=\"attachment-thumbnail size-thumbnail\" alt=\"\" srcset=\"https:\/\/www.hochzeitammeer.com\/wp-content\/uploads\/2019\/12\/DSC_0022-Kopie-150x150.jpg 150w, https:\/\/www.hochzeitammeer.com\/wp-content\/uploads\/2019\/12\/DSC_0022-Kopie-60x60.jpg 60w\" sizes=\"auto, (max-width: 150px) 100vw, 150px\" \/><\/a>\n\t\t\t<\/dt><\/dl><dl class='gallery-item'>\n\t\t\t<dt class='gallery-icon landscape'>\n\t\t\t\t<a rel=\"prettyPhoto[slides]\" href='https:\/\/www.hochzeitammeer.com\/wp-content\/uploads\/2017\/09\/New-Mexico-Klein.jpg'><img loading=\"lazy\" decoding=\"async\" width=\"150\" height=\"150\" src=\"https:\/\/www.hochzeitammeer.com\/wp-content\/uploads\/2017\/09\/New-Mexico-Klein-150x150.jpg\" class=\"attachment-thumbnail size-thumbnail\" alt=\"\" srcset=\"https:\/\/www.hochzeitammeer.com\/wp-content\/uploads\/2017\/09\/New-Mexico-Klein-150x150.jpg 150w, https:\/\/www.hochzeitammeer.com\/wp-content\/uploads\/2017\/09\/New-Mexico-Klein-60x60.jpg 60w\" sizes=\"auto, (max-width: 150px) 100vw, 150px\" \/><\/a>\n\t\t\t<\/dt><\/dl><dl class='gallery-item'>\n\t\t\t<dt class='gallery-icon landscape'>\n\t\t\t\t<a rel=\"prettyPhoto[slides]\" href='https:\/\/www.hochzeitammeer.com\/wp-content\/uploads\/2017\/09\/New-mexiko-Klein..jpg'><img loading=\"lazy\" decoding=\"async\" width=\"150\" height=\"150\" src=\"https:\/\/www.hochzeitammeer.com\/wp-content\/uploads\/2017\/09\/New-mexiko-Klein.-150x150.jpg\" class=\"attachment-thumbnail size-thumbnail\" alt=\"\" srcset=\"https:\/\/www.hochzeitammeer.com\/wp-content\/uploads\/2017\/09\/New-mexiko-Klein.-150x150.jpg 150w, https:\/\/www.hochzeitammeer.com\/wp-content\/uploads\/2017\/09\/New-mexiko-Klein.-60x60.jpg 60w\" sizes=\"auto, (max-width: 150px) 100vw, 150px\" \/><\/a>\n\t\t\t<\/dt><\/dl><dl class='gallery-item'>\n\t\t\t<dt class='gallery-icon landscape'>\n\t\t\t\t<a rel=\"prettyPhoto[slides]\" href='https:\/\/www.hochzeitammeer.com\/wp-content\/uploads\/2017\/09\/Zaljev.-Klein.jpg'><img loading=\"lazy\" decoding=\"async\" width=\"150\" height=\"150\" src=\"https:\/\/www.hochzeitammeer.com\/wp-content\/uploads\/2017\/09\/Zaljev.-Klein-150x150.jpg\" class=\"attachment-thumbnail size-thumbnail\" alt=\"\" srcset=\"https:\/\/www.hochzeitammeer.com\/wp-content\/uploads\/2017\/09\/Zaljev.-Klein-150x150.jpg 150w, https:\/\/www.hochzeitammeer.com\/wp-content\/uploads\/2017\/09\/Zaljev.-Klein-60x60.jpg 60w\" sizes=\"auto, (max-width: 150px) 100vw, 150px\" \/><\/a>\n\t\t\t<\/dt><\/dl><dl class='gallery-item'>\n\t\t\t<dt class='gallery-icon portrait'>\n\t\t\t\t<a rel=\"prettyPhoto[slides]\" href='https:\/\/www.hochzeitammeer.com\/wp-content\/uploads\/2017\/09\/Zaljev-Klein.jpg'><img loading=\"lazy\" decoding=\"async\" width=\"150\" height=\"150\" src=\"https:\/\/www.hochzeitammeer.com\/wp-content\/uploads\/2017\/09\/Zaljev-Klein-150x150.jpg\" class=\"attachment-thumbnail size-thumbnail\" alt=\"\" srcset=\"https:\/\/www.hochzeitammeer.com\/wp-content\/uploads\/2017\/09\/Zaljev-Klein-150x150.jpg 150w, https:\/\/www.hochzeitammeer.com\/wp-content\/uploads\/2017\/09\/Zaljev-Klein-60x60.jpg 60w\" sizes=\"auto, (max-width: 150px) 100vw, 150px\" \/><\/a>\n\t\t\t<\/dt><\/dl><br style=\"clear: both\" \/><dl class='gallery-item'>\n\t\t\t<dt class='gallery-icon landscape'>\n\t\t\t\t<a rel=\"prettyPhoto[slides]\" href='https:\/\/www.hochzeitammeer.com\/wp-content\/uploads\/2017\/09\/Zaljev..-Klein.jpg'><img loading=\"lazy\" decoding=\"async\" width=\"150\" height=\"150\" src=\"https:\/\/www.hochzeitammeer.com\/wp-content\/uploads\/2017\/09\/Zaljev..-Klein-150x150.jpg\" class=\"attachment-thumbnail size-thumbnail\" alt=\"\" srcset=\"https:\/\/www.hochzeitammeer.com\/wp-content\/uploads\/2017\/09\/Zaljev..-Klein-150x150.jpg 150w, https:\/\/www.hochzeitammeer.com\/wp-content\/uploads\/2017\/09\/Zaljev..-Klein-60x60.jpg 60w\" sizes=\"auto, (max-width: 150px) 100vw, 150px\" \/><\/a>\n\t\t\t<\/dt><\/dl><dl class='gallery-item'>\n\t\t\t<dt class='gallery-icon landscape'>\n\t\t\t\t<a rel=\"prettyPhoto[slides]\" href='https:\/\/www.hochzeitammeer.com\/wp-content\/uploads\/2017\/09\/Zaljev...-Klein.jpg'><img loading=\"lazy\" decoding=\"async\" width=\"150\" height=\"150\" src=\"https:\/\/www.hochzeitammeer.com\/wp-content\/uploads\/2017\/09\/Zaljev...-Klein-150x150.jpg\" class=\"attachment-thumbnail size-thumbnail\" alt=\"\" srcset=\"https:\/\/www.hochzeitammeer.com\/wp-content\/uploads\/2017\/09\/Zaljev...-Klein-150x150.jpg 150w, https:\/\/www.hochzeitammeer.com\/wp-content\/uploads\/2017\/09\/Zaljev...-Klein-60x60.jpg 60w\" sizes=\"auto, (max-width: 150px) 100vw, 150px\" \/><\/a>\n\t\t\t<\/dt><\/dl><dl class='gallery-item'>\n\t\t\t<dt class='gallery-icon landscape'>\n\t\t\t\t<a rel=\"prettyPhoto[slides]\" href='https:\/\/www.hochzeitammeer.com\/wp-content\/uploads\/2017\/09\/SV-Marak-Klein-FB..-Kopie.jpg'><img loading=\"lazy\" decoding=\"async\" width=\"150\" height=\"150\" src=\"https:\/\/www.hochzeitammeer.com\/wp-content\/uploads\/2017\/09\/SV-Marak-Klein-FB..-Kopie-150x150.jpg\" class=\"attachment-thumbnail size-thumbnail\" alt=\"\" srcset=\"https:\/\/www.hochzeitammeer.com\/wp-content\/uploads\/2017\/09\/SV-Marak-Klein-FB..-Kopie-150x150.jpg 150w, https:\/\/www.hochzeitammeer.com\/wp-content\/uploads\/2017\/09\/SV-Marak-Klein-FB..-Kopie-60x60.jpg 60w\" sizes=\"auto, (max-width: 150px) 100vw, 150px\" \/><\/a>\n\t\t\t<\/dt><\/dl><dl class='gallery-item'>\n\t\t\t<dt class='gallery-icon landscape'>\n\t\t\t\t<a rel=\"prettyPhoto[slides]\" href='https:\/\/www.hochzeitammeer.com\/wp-content\/uploads\/2017\/09\/SV-Marak-Klein.jpg'><img loading=\"lazy\" decoding=\"async\" width=\"150\" height=\"150\" src=\"https:\/\/www.hochzeitammeer.com\/wp-content\/uploads\/2017\/09\/SV-Marak-Klein-150x150.jpg\" class=\"attachment-thumbnail size-thumbnail\" alt=\"\" srcset=\"https:\/\/www.hochzeitammeer.com\/wp-content\/uploads\/2017\/09\/SV-Marak-Klein-150x150.jpg 150w, https:\/\/www.hochzeitammeer.com\/wp-content\/uploads\/2017\/09\/SV-Marak-Klein-60x60.jpg 60w\" sizes=\"auto, (max-width: 150px) 100vw, 150px\" \/><\/a>\n\t\t\t<\/dt><\/dl><dl class='gallery-item'>\n\t\t\t<dt class='gallery-icon landscape'>\n\t\t\t\t<a rel=\"prettyPhoto[slides]\" href='https:\/\/www.hochzeitammeer.com\/wp-content\/uploads\/2017\/09\/Mole-Klein.jpg'><img loading=\"lazy\" decoding=\"async\" width=\"150\" height=\"150\" src=\"https:\/\/www.hochzeitammeer.com\/wp-content\/uploads\/2017\/09\/Mole-Klein-150x150.jpg\" class=\"attachment-thumbnail size-thumbnail\" alt=\"\" aria-describedby=\"gallery-1-210\" srcset=\"https:\/\/www.hochzeitammeer.com\/wp-content\/uploads\/2017\/09\/Mole-Klein-150x150.jpg 150w, https:\/\/www.hochzeitammeer.com\/wp-content\/uploads\/2017\/09\/Mole-Klein-60x60.jpg 60w\" sizes=\"auto, (max-width: 150px) 100vw, 150px\" \/><\/a>\n\t\t\t<\/dt>\n\t\t\t\t<dd class='wp-caption-text gallery-caption' id='gallery-1-210'>\n\t\t\t\tMole\n\t\t\t\t<\/dd><\/dl><br style=\"clear: both\" \/><dl class='gallery-item'>\n\t\t\t<dt class='gallery-icon landscape'>\n\t\t\t\t<a rel=\"prettyPhoto[slides]\" href='https:\/\/www.hochzeitammeer.com\/wp-content\/uploads\/2017\/09\/Mole-Klein-1.jpg'><img loading=\"lazy\" decoding=\"async\" width=\"150\" height=\"150\" src=\"https:\/\/www.hochzeitammeer.com\/wp-content\/uploads\/2017\/09\/Mole-Klein-1-150x150.jpg\" class=\"attachment-thumbnail size-thumbnail\" alt=\"\" srcset=\"https:\/\/www.hochzeitammeer.com\/wp-content\/uploads\/2017\/09\/Mole-Klein-1-150x150.jpg 150w, https:\/\/www.hochzeitammeer.com\/wp-content\/uploads\/2017\/09\/Mole-Klein-1-60x60.jpg 60w\" sizes=\"auto, (max-width: 150px) 100vw, 150px\" \/><\/a>\n\t\t\t<\/dt><\/dl><dl class='gallery-item'>\n\t\t\t<dt class='gallery-icon landscape'>\n\t\t\t\t<a rel=\"prettyPhoto[slides]\" href='https:\/\/www.hochzeitammeer.com\/wp-content\/uploads\/2017\/09\/Vribnik..-Klein.jpg'><img loading=\"lazy\" decoding=\"async\" width=\"150\" height=\"150\" src=\"https:\/\/www.hochzeitammeer.com\/wp-content\/uploads\/2017\/09\/Vribnik..-Klein-150x150.jpg\" class=\"attachment-thumbnail size-thumbnail\" alt=\"\" srcset=\"https:\/\/www.hochzeitammeer.com\/wp-content\/uploads\/2017\/09\/Vribnik..-Klein-150x150.jpg 150w, https:\/\/www.hochzeitammeer.com\/wp-content\/uploads\/2017\/09\/Vribnik..-Klein-60x60.jpg 60w\" sizes=\"auto, (max-width: 150px) 100vw, 150px\" \/><\/a>\n\t\t\t<\/dt><\/dl><dl class='gallery-item'>\n\t\t\t<dt class='gallery-icon landscape'>\n\t\t\t\t<a rel=\"prettyPhoto[slides]\" href='https:\/\/www.hochzeitammeer.com\/wp-content\/uploads\/2017\/09\/Sesseln.jpg'><img loading=\"lazy\" decoding=\"async\" width=\"150\" height=\"150\" src=\"https:\/\/www.hochzeitammeer.com\/wp-content\/uploads\/2017\/09\/Sesseln-150x150.jpg\" class=\"attachment-thumbnail size-thumbnail\" alt=\"\" srcset=\"https:\/\/www.hochzeitammeer.com\/wp-content\/uploads\/2017\/09\/Sesseln-150x150.jpg 150w, https:\/\/www.hochzeitammeer.com\/wp-content\/uploads\/2017\/09\/Sesseln-60x60.jpg 60w\" sizes=\"auto, (max-width: 150px) 100vw, 150px\" \/><\/a>\n\t\t\t<\/dt><\/dl><dl class='gallery-item'>\n\t\t\t<dt class='gallery-icon landscape'>\n\t\t\t\t<a rel=\"prettyPhoto[slides]\" href='https:\/\/www.hochzeitammeer.com\/wp-content\/uploads\/2017\/09\/Strand.jpg'><img loading=\"lazy\" decoding=\"async\" width=\"150\" height=\"150\" src=\"https:\/\/www.hochzeitammeer.com\/wp-content\/uploads\/2017\/09\/Strand-150x150.jpg\" class=\"attachment-thumbnail size-thumbnail\" alt=\"\" srcset=\"https:\/\/www.hochzeitammeer.com\/wp-content\/uploads\/2017\/09\/Strand-150x150.jpg 150w, https:\/\/www.hochzeitammeer.com\/wp-content\/uploads\/2017\/09\/Strand-60x60.jpg 60w\" sizes=\"auto, (max-width: 150px) 100vw, 150px\" \/><\/a>\n\t\t\t<\/dt><\/dl><dl class='gallery-item'>\n\t\t\t<dt class='gallery-icon landscape'>\n\t\t\t\t<a rel=\"prettyPhoto[slides]\" href='https:\/\/www.hochzeitammeer.com\/wp-content\/uploads\/2017\/09\/Terrasse.jpg'><img loading=\"lazy\" decoding=\"async\" width=\"150\" height=\"150\" src=\"https:\/\/www.hochzeitammeer.com\/wp-content\/uploads\/2017\/09\/Terrasse-150x150.jpg\" class=\"attachment-thumbnail size-thumbnail\" alt=\"\" srcset=\"https:\/\/www.hochzeitammeer.com\/wp-content\/uploads\/2017\/09\/Terrasse-150x150.jpg 150w, https:\/\/www.hochzeitammeer.com\/wp-content\/uploads\/2017\/09\/Terrasse-60x60.jpg 60w\" sizes=\"auto, (max-width: 150px) 100vw, 150px\" \/><\/a>\n\t\t\t<\/dt><\/dl><br style=\"clear: both\" \/>\n\t\t<\/div>\n\n<p><\/span><\/p>\n<p>Kroatien fasziniert mit seinen herrlichen Buchten, den sch\u00f6nen Inseln, dem kristallklaren Wasser und nicht zuletzt mit der k\u00f6stlichen mediterranen K\u00fcche.<\/p>\n<p><span class=\"responsive\"><\/p>\n\n\t\t<style type=\"text\/css\">\n\t\t\t#gallery-2 {\n\t\t\t\tmargin: auto;\n\t\t\t}\n\t\t\t#gallery-2 .gallery-item {\n\t\t\t\tfloat: left;\n\t\t\t\tmargin-top: 10px;\n\t\t\t\ttext-align: center;\n\t\t\t\twidth: 25%;\n\t\t\t}\n\t\t\t#gallery-2 img {\n\t\t\t\tborder: 2px solid #cfcfcf;\n\t\t\t}\n\t\t\t#gallery-2 .gallery-caption {\n\t\t\t\tmargin-left: 0;\n\t\t\t}\n\t\t\t\/* see gallery_shortcode() in wp-includes\/media.php *\/\n\t\t<\/style>\n\t\t<div id='gallery-2' class='gallery galleryid-31 gallery-columns-4 gallery-size-thumbnail'><dl class='gallery-item'>\n\t\t\t<dt class='gallery-icon landscape'>\n\t\t\t\t<a rel=\"prettyPhoto[slides]\" href='https:\/\/www.hochzeitammeer.com\/wp-content\/uploads\/2017\/09\/o8ebZxTV_oX1qANt3v9gLmk74hsJU06Pwf4exqfsQ_mQ7aurpSdBPHC2PcLkdRD1-p2ah7i6mOw9ScLZBFIK_VxcYnr-TYXHmazia2UgTaxgwy-Ax1sN2PoH2gXzgwkF_large.jpg'><img loading=\"lazy\" decoding=\"async\" width=\"150\" height=\"150\" src=\"https:\/\/www.hochzeitammeer.com\/wp-content\/uploads\/2017\/09\/o8ebZxTV_oX1qANt3v9gLmk74hsJU06Pwf4exqfsQ_mQ7aurpSdBPHC2PcLkdRD1-p2ah7i6mOw9ScLZBFIK_VxcYnr-TYXHmazia2UgTaxgwy-Ax1sN2PoH2gXzgwkF_large-150x150.jpg\" class=\"attachment-thumbnail size-thumbnail\" alt=\"\" srcset=\"https:\/\/www.hochzeitammeer.com\/wp-content\/uploads\/2017\/09\/o8ebZxTV_oX1qANt3v9gLmk74hsJU06Pwf4exqfsQ_mQ7aurpSdBPHC2PcLkdRD1-p2ah7i6mOw9ScLZBFIK_VxcYnr-TYXHmazia2UgTaxgwy-Ax1sN2PoH2gXzgwkF_large-150x150.jpg 150w, https:\/\/www.hochzeitammeer.com\/wp-content\/uploads\/2017\/09\/o8ebZxTV_oX1qANt3v9gLmk74hsJU06Pwf4exqfsQ_mQ7aurpSdBPHC2PcLkdRD1-p2ah7i6mOw9ScLZBFIK_VxcYnr-TYXHmazia2UgTaxgwy-Ax1sN2PoH2gXzgwkF_large-60x60.jpg 60w\" sizes=\"auto, (max-width: 150px) 100vw, 150px\" \/><\/a>\n\t\t\t<\/dt><\/dl><dl class='gallery-item'>\n\t\t\t<dt class='gallery-icon landscape'>\n\t\t\t\t<a rel=\"prettyPhoto[slides]\" href='https:\/\/www.hochzeitammeer.com\/wp-content\/uploads\/2017\/09\/Heiraten-am-Strand-Krk-Kroatien-Traum-Heirat.jpg'><img loading=\"lazy\" decoding=\"async\" width=\"150\" height=\"150\" src=\"https:\/\/www.hochzeitammeer.com\/wp-content\/uploads\/2017\/09\/Heiraten-am-Strand-Krk-Kroatien-Traum-Heirat-150x150.jpg\" class=\"attachment-thumbnail size-thumbnail\" alt=\"\" srcset=\"https:\/\/www.hochzeitammeer.com\/wp-content\/uploads\/2017\/09\/Heiraten-am-Strand-Krk-Kroatien-Traum-Heirat-150x150.jpg 150w, https:\/\/www.hochzeitammeer.com\/wp-content\/uploads\/2017\/09\/Heiraten-am-Strand-Krk-Kroatien-Traum-Heirat-60x60.jpg 60w\" sizes=\"auto, (max-width: 150px) 100vw, 150px\" \/><\/a>\n\t\t\t<\/dt><\/dl><dl class='gallery-item'>\n\t\t\t<dt class='gallery-icon landscape'>\n\t\t\t\t<a rel=\"prettyPhoto[slides]\" href='https:\/\/www.hochzeitammeer.com\/wp-content\/uploads\/2017\/09\/Vq2IHbtFgJBlPTifM_ljFdfDSSrRfGu0MugVinchx7gx_UwzC9jTv_9nZWMmQm42KOzXyssffGVm1wMMkIHlkkKtZ15nz44hCbchefo0SoHgx2MMXKIQCffwCsXbCG0I_large.jpg'><img loading=\"lazy\" decoding=\"async\" width=\"150\" height=\"150\" src=\"https:\/\/www.hochzeitammeer.com\/wp-content\/uploads\/2017\/09\/Vq2IHbtFgJBlPTifM_ljFdfDSSrRfGu0MugVinchx7gx_UwzC9jTv_9nZWMmQm42KOzXyssffGVm1wMMkIHlkkKtZ15nz44hCbchefo0SoHgx2MMXKIQCffwCsXbCG0I_large-150x150.jpg\" class=\"attachment-thumbnail size-thumbnail\" alt=\"\" srcset=\"https:\/\/www.hochzeitammeer.com\/wp-content\/uploads\/2017\/09\/Vq2IHbtFgJBlPTifM_ljFdfDSSrRfGu0MugVinchx7gx_UwzC9jTv_9nZWMmQm42KOzXyssffGVm1wMMkIHlkkKtZ15nz44hCbchefo0SoHgx2MMXKIQCffwCsXbCG0I_large-150x150.jpg 150w, https:\/\/www.hochzeitammeer.com\/wp-content\/uploads\/2017\/09\/Vq2IHbtFgJBlPTifM_ljFdfDSSrRfGu0MugVinchx7gx_UwzC9jTv_9nZWMmQm42KOzXyssffGVm1wMMkIHlkkKtZ15nz44hCbchefo0SoHgx2MMXKIQCffwCsXbCG0I_large-300x300.jpg 300w, https:\/\/www.hochzeitammeer.com\/wp-content\/uploads\/2017\/09\/Vq2IHbtFgJBlPTifM_ljFdfDSSrRfGu0MugVinchx7gx_UwzC9jTv_9nZWMmQm42KOzXyssffGVm1wMMkIHlkkKtZ15nz44hCbchefo0SoHgx2MMXKIQCffwCsXbCG0I_large-60x60.jpg 60w, https:\/\/www.hochzeitammeer.com\/wp-content\/uploads\/2017\/09\/Vq2IHbtFgJBlPTifM_ljFdfDSSrRfGu0MugVinchx7gx_UwzC9jTv_9nZWMmQm42KOzXyssffGVm1wMMkIHlkkKtZ15nz44hCbchefo0SoHgx2MMXKIQCffwCsXbCG0I_large.jpg 336w\" sizes=\"auto, (max-width: 150px) 100vw, 150px\" \/><\/a>\n\t\t\t<\/dt><\/dl><dl class='gallery-item'>\n\t\t\t<dt class='gallery-icon landscape'>\n\t\t\t\t<a rel=\"prettyPhoto[slides]\" href='https:\/\/www.hochzeitammeer.com\/wp-content\/uploads\/2017\/09\/vFxCZqA8GsiDE9oB58fVul0fzaQr-UHB8KCmgf2V0xywK5fRQq1q5HIpX0Wz9nSTiSY1CgMyTbtRT4sNH7SnDLEogITEWv81iT10YE7eLxdchVWn2zA993d-IQRZUIGN_large.jpg'><img loading=\"lazy\" decoding=\"async\" width=\"150\" height=\"150\" src=\"https:\/\/www.hochzeitammeer.com\/wp-content\/uploads\/2017\/09\/vFxCZqA8GsiDE9oB58fVul0fzaQr-UHB8KCmgf2V0xywK5fRQq1q5HIpX0Wz9nSTiSY1CgMyTbtRT4sNH7SnDLEogITEWv81iT10YE7eLxdchVWn2zA993d-IQRZUIGN_large-150x150.jpg\" class=\"attachment-thumbnail size-thumbnail\" alt=\"\" aria-describedby=\"gallery-2-149\" srcset=\"https:\/\/www.hochzeitammeer.com\/wp-content\/uploads\/2017\/09\/vFxCZqA8GsiDE9oB58fVul0fzaQr-UHB8KCmgf2V0xywK5fRQq1q5HIpX0Wz9nSTiSY1CgMyTbtRT4sNH7SnDLEogITEWv81iT10YE7eLxdchVWn2zA993d-IQRZUIGN_large-150x150.jpg 150w, https:\/\/www.hochzeitammeer.com\/wp-content\/uploads\/2017\/09\/vFxCZqA8GsiDE9oB58fVul0fzaQr-UHB8KCmgf2V0xywK5fRQq1q5HIpX0Wz9nSTiSY1CgMyTbtRT4sNH7SnDLEogITEWv81iT10YE7eLxdchVWn2zA993d-IQRZUIGN_large-60x60.jpg 60w\" sizes=\"auto, (max-width: 150px) 100vw, 150px\" \/><\/a>\n\t\t\t<\/dt>\n\t\t\t\t<dd class='wp-caption-text gallery-caption' id='gallery-2-149'>\n\t\t\t\tSteg oder Terrasse\n\t\t\t\t<\/dd><\/dl><br style=\"clear: both\" \/>\n\t\t<\/div>\n\n<p><\/span><\/p>\n","protected":false},"excerpt":{"rendered":"<p>Hochzeit am Strand Der Sand ist aufgew\u00e4rmt von der Sonne und das Meer rauscht leise im Hintergrund. Langsam geht bei der Hochzeit die Sonne unter und f\u00e4rbt alles in goldene\u2026 <a href=\"https:\/\/www.hochzeitammeer.com\/index.php\/am-strand\/\" class=\"read-more-link\">weiterlesen &rarr;<\/a><\/p>\n","protected":false},"author":2,"featured_media":0,"parent":0,"menu_order":0,"comment_status":"closed","ping_status":"closed","template":"page-fullwidth.php","meta":{"footnotes":""},"class_list":["post-31","page","type-page","status-publish","hentry"],"aioseo_notices":[],"_links":{"self":[{"href":"https:\/\/www.hochzeitammeer.com\/index.php\/wp-json\/wp\/v2\/pages\/31","targetHints":{"allow":["GET"]}}],"collection":[{"href":"https:\/\/www.hochzeitammeer.com\/index.php\/wp-json\/wp\/v2\/pages"}],"about":[{"href":"https:\/\/www.hochzeitammeer.com\/index.php\/wp-json\/wp\/v2\/types\/page"}],"author":[{"embeddable":true,"href":"https:\/\/www.hochzeitammeer.com\/index.php\/wp-json\/wp\/v2\/users\/2"}],"replies":[{"embeddable":true,"href":"https:\/\/www.hochzeitammeer.com\/index.php\/wp-json\/wp\/v2\/comments?post=31"}],"version-history":[{"count":11,"href":"https:\/\/www.hochzeitammeer.com\/index.php\/wp-json\/wp\/v2\/pages\/31\/revisions"}],"predecessor-version":[{"id":239,"href":"https:\/\/www.hochzeitammeer.com\/index.php\/wp-json\/wp\/v2\/pages\/31\/revisions\/239"}],"wp:attachment":[{"href":"https:\/\/www.hochzeitammeer.com\/index.php\/wp-json\/wp\/v2\/media?parent=31"}],"curies":[{"name":"wp","href":"https:\/\/api.w.org\/{rel}","templated":true}]}}