{"id":18,"date":"2017-09-29T17:19:03","date_gmt":"2017-09-29T17:19:03","guid":{"rendered":"https:\/\/www.hochzeitammeer.com\/?page_id=18"},"modified":"2020-01-11T08:51:20","modified_gmt":"2020-01-11T08:51:20","slug":"home","status":"publish","type":"page","link":"https:\/\/www.hochzeitammeer.com\/","title":{"rendered":"Home"},"content":{"rendered":"<h2>Die Hochzeit auf <a href=\"https:\/\/www.google.at\/maps\/place\/Krk,+Kroatien\/data=!4m2!3m1!1s0x47637041428ae45d:0xa2f0b329de802341?sa=X&amp;ved=0ahUKEwipiYja7P_WAhUCXhoKHcJ7DbwQ8gEIiAEwDw\">Krk<\/a> in <a href=\"https:\/\/www.google.at\/maps\/place\/Kroatien\/data=!4m2!3m1!1s0x133441080add95ed:0xa0f3c024e1661b7f?sa=X&amp;ved=0ahUKEwjS0MLm7P_WAhWQhRoKHcE6CtsQ8gEIkQEwEQ\">Kroatien<\/a> feiern, egal ob beim Tauchen, am Strand, oder am Boot<\/h2>\n<p><span class=\"responsive\"><img loading=\"lazy\" decoding=\"async\" class=\"alignnone size-full wp-image-66\" src=\"https:\/\/www.hochzeitammeer.com\/wp-content\/uploads\/2017\/09\/Hochzeit-am-Meer-Krk-Heiraten-Wedding-Kroatien-Traumhochzeit-3.jpg\" alt=\"Hochzeit,Kroatien,Strand,Meer\" width=\"1200\" height=\"320\" srcset=\"https:\/\/www.hochzeitammeer.com\/wp-content\/uploads\/2017\/09\/Hochzeit-am-Meer-Krk-Heiraten-Wedding-Kroatien-Traumhochzeit-3.jpg 1200w, https:\/\/www.hochzeitammeer.com\/wp-content\/uploads\/2017\/09\/Hochzeit-am-Meer-Krk-Heiraten-Wedding-Kroatien-Traumhochzeit-3-300x80.jpg 300w, https:\/\/www.hochzeitammeer.com\/wp-content\/uploads\/2017\/09\/Hochzeit-am-Meer-Krk-Heiraten-Wedding-Kroatien-Traumhochzeit-3-768x205.jpg 768w, https:\/\/www.hochzeitammeer.com\/wp-content\/uploads\/2017\/09\/Hochzeit-am-Meer-Krk-Heiraten-Wedding-Kroatien-Traumhochzeit-3-1024x273.jpg 1024w\" sizes=\"auto, (max-width: 1200px) 100vw, 1200px\" \/><\/span><\/p>\n<div class=\"gap\" style=\"height: 10px;\"><\/div>\n<div class=\"one_third\">\n<div class=\"iconbox\"><span class=\"iconbox-star\"><\/span><\/p>\n<h3>Hochzeit am Strand<\/h3>\n<p>Der Sand ist aufgew\u00e4rmt von der Sonne und das Meer rauscht leise im Hintergrund. Langsam geht bei der Hochzeit die Sonne unter und f\u00e4rbt alles in goldene Farben. Das ist der richtige Moment um JA zu sagen. Am Stand in Krk ist mit uns der Kuss beim Sonnenuntergang der perfekte Ausklang.<\/p>\n<div class=\"hr hr1\" style='margin:10px 0px 10px 0px !important;'><\/div>\n<p><span class=\"responsive\"><\/p>\n<div id=\"attachment_246\" style=\"width: 264px\" class=\"wp-caption alignnone\"><img loading=\"lazy\" decoding=\"async\" aria-describedby=\"caption-attachment-246\" class=\"wp-image-246\" src=\"https:\/\/www.hochzeitammeer.com\/wp-content\/uploads\/2019\/12\/DSC_0005-1-300x204.jpg\" alt=\"\" width=\"254\" height=\"173\" srcset=\"https:\/\/www.hochzeitammeer.com\/wp-content\/uploads\/2019\/12\/DSC_0005-1-300x204.jpg 300w, https:\/\/www.hochzeitammeer.com\/wp-content\/uploads\/2019\/12\/DSC_0005-1-768x522.jpg 768w, https:\/\/www.hochzeitammeer.com\/wp-content\/uploads\/2019\/12\/DSC_0005-1-1024x697.jpg 1024w\" sizes=\"auto, (max-width: 254px) 100vw, 254px\" \/><p id=\"caption-attachment-246\" class=\"wp-caption-text\">Am Strand<\/p><\/div>\n<p><\/span><br \/>\n<u><i><\/i><\/u><\/p>\n<div class=\"gap\" style=\"height: 10px;\"><\/div>\n<\/div>\n<\/div>\n<div class=\"one_third\">\n<div class=\"iconbox\"><span class=\"iconbox-star\"><\/span><\/p>\n<h3>Hochzeit am Boot<\/h3>\n<p>Leichter Wellengang und im Takt der Musik schwingt auch das Boot ganz leicht mit. In der N\u00e4he der K\u00fcste von Krk oder weiter drau\u00dfen am offenen Meer vor Kroatien. Die M\u00f6glichkeiten sind so endlos wie das Meer selbst. Ihre W\u00fcnsche stehen im Mittelpunkt und wir machen fast alles m\u00f6glich.<\/p>\n<div class=\"hr hr1\" style='margin:10px 0px 10px 0px !important;'><\/div>\n<p><span class=\"responsive\"><\/p>\n<div id=\"attachment_265\" style=\"width: 292px\" class=\"wp-caption alignnone\"><img loading=\"lazy\" decoding=\"async\" aria-describedby=\"caption-attachment-265\" class=\"wp-image-265\" src=\"https:\/\/www.hochzeitammeer.com\/wp-content\/uploads\/2020\/01\/IMG_1136-Klein-3-300x184.jpg\" alt=\"\" width=\"282\" height=\"173\" srcset=\"https:\/\/www.hochzeitammeer.com\/wp-content\/uploads\/2020\/01\/IMG_1136-Klein-3-300x184.jpg 300w, https:\/\/www.hochzeitammeer.com\/wp-content\/uploads\/2020\/01\/IMG_1136-Klein-3-768x471.jpg 768w, https:\/\/www.hochzeitammeer.com\/wp-content\/uploads\/2020\/01\/IMG_1136-Klein-3.jpg 775w\" sizes=\"auto, (max-width: 282px) 100vw, 282px\" \/><p id=\"caption-attachment-265\" class=\"wp-caption-text\">Am Boot<\/p><\/div>\n<p><\/span><\/p>\n<div class=\"gap\" style=\"height: 10px;\"><\/div>\n<\/div>\n<\/div>\n<div class=\"one_third last\">\n<div class=\"iconbox\"><span class=\"iconbox-star\"><\/span><\/p>\n<h3>Hochzeit unter Wasser<\/h3>\n<p>Die ganz besondere Hochzeit gibt es bei uns unter Wasser. Im wundersch\u00f6nen klaren Wasser von Krk erlebt man eine Heirat wie keine andere. Schwerelos JA &#8222;sagen&#8220;, mit uns und unserem tollen Team kein Problem. Sogar der Fotograf geht bei uns mit auf Tauchstation und macht fantastische Bilder.<\/p>\n<div class=\"hr hr1\" style='margin:10px 0px 10px 0px !important;'><\/div>\n<p><span class=\"responsive\"><\/p>\n<div id=\"attachment_52\" style=\"width: 298px\" class=\"wp-caption alignnone\"><img loading=\"lazy\" decoding=\"async\" aria-describedby=\"caption-attachment-52\" class=\"wp-image-52 size-full\" src=\"https:\/\/www.hochzeitammeer.com\/wp-content\/uploads\/2017\/09\/Unter-Wasser-Tauchen-Erleben-ja-sagen-Traum-Hochzeit.jpg\" alt=\"Traumhochzeit,Strand,Sonnenuntergang,Trauung\" width=\"288\" height=\"170\" \/><p id=\"caption-attachment-52\" class=\"wp-caption-text\">Sich unter Wasser trauen zu trauen!<\/p><\/div>\n<p><\/span><\/p>\n<div class=\"gap\" style=\"height: 10px;\"><\/div>\n<\/div>\n<\/div>\n<div class=\"clear\"><\/div>\n<h3 class=\"title\"><span>NEWSBLOG<\/span><\/h3><div class=\"latest-blog-list clearfix\"><div class=\"blog-list-item-date\">11<span>Jan.<\/span><\/div>\n\t\t\t\t\t<div class=\"blog-list-item-description\">\n\t\t\t\t\t\t<h4><a href=\"https:\/\/www.hochzeitammeer.com\/index.php\/2019\/01\/11\/hochzeitsmesse-in-graz-1213-jaenner\/\" title=\"Hochzeitsmesse in Graz 11 und 12 J\u00e4nner 2020\">Hochzeitsmesse in Graz 11 und 12 J\u00e4nner 2020<\/a><\/h4>\n\t\t\t\t\t\t<span>0 Kommentare<\/span>\n\t\t\t\t\t\t<div class=\"blog-list-item-excerpt\">Bald ist es wieder soweit Hochzeitsmesse in Graz in der Helmut List-Halle und wir sind wieder dabei! Das Team von... <a href=\"https:\/\/www.hochzeitammeer.com\/index.php\/2019\/01\/11\/hochzeitsmesse-in-graz-1213-jaenner\/\">Mehr &rarr;<\/a><\/div>\n\t\t\t\t\t<\/div>\n\t\t\t\t\t<\/div><div class=\"latest-blog-list clearfix\"><div class=\"blog-list-item-date\">29<span>Sep.<\/span><\/div>\n\t\t\t\t\t<div class=\"blog-list-item-description\">\n\t\t\t\t\t\t<h4><a href=\"https:\/\/www.hochzeitammeer.com\/index.php\/2017\/09\/29\/hello-world\/\" title=\"Der sch\u00f6nste Tag im Leben\">Der sch\u00f6nste Tag im Leben<\/a><\/h4>\n\t\t\t\t\t\t<span>0 Kommentare<\/span>\n\t\t\t\t\t\t<div class=\"blog-list-item-excerpt\">Planen Sie etwas Besonderes? Auf Krk haben Sie die M\u00f6glichkeit bei uns die Traumhochzeit zu veranstalten und mit Ihren Liebsten... <a href=\"https:\/\/www.hochzeitammeer.com\/index.php\/2017\/09\/29\/hello-world\/\">Mehr &rarr;<\/a><\/div>\n\t\t\t\t\t<\/div>\n\t\t\t\t\t<\/div><div class=\"clear\"><\/div>\n<div class=\"callout\">\n<div class=\"border clearfix\">\n<div class=\"callout-content\">\n<h2 class=\"highlight\">Heiraten in Kroatien auf der Insel-Krk<\/h2>\n<p>Jetzt Traumhochzeit buchen!\n      \t\t\t<\/p><\/div>\n<div class=\"callout-button\" style=\"margin:4px 0 0 0;;\">\n      \t\t\t\t<a class=\"button normal alternative-1\" href=\"mailto:info@styria-guenis-diving-group.com\" target=\"\">Jetzt anfragen<\/a>\n      \t\t\t<\/div>\n<\/div>\n<\/div>\n<p>&nbsp;<\/p>\n<p><strong>Und noch\u00a05 Gr\u00fcnde am Meer bei uns auf Krk zu heiraten!<\/strong><\/p>\n<p><strong>1)<\/strong> Heiraten am Strand wie im Traum bei warmen Sonnenschein und rauschendem Meer<br \/>\n<strong>2)<\/strong> Einfach und unkompliziert organisieren wir alles mit Standesbeamten und \u00dcbersetzer<br \/>\n<strong>3)<\/strong> Alles aus einer Hand mit Planung und Unterkunft<br \/>\n<strong>4)<\/strong> Fantastisches Preis\/Leistungsverh\u00e4ltnis im Vergleich<br \/>\n<strong>5)<\/strong> K\u00f6stliches Essen und mediteranes Klima umgeben von wundervoller Natur<\/p>\n<h3 class=\"title\"><span>Unsere sch\u00f6nen Apartments<\/span><\/h3><div class=\"latest-portfolio negative-wrap\"><div class=\"portfolio-item four columns\"><div class=\"portfolio-it\">\n\t\t\t\t  \t\t<a href=\"https:\/\/www.hochzeitammeer.com\/index.php\/portfolio-item\/unser-apartment-haus\/\" title=\"Unser Apartment Haus\"><span class=\"portfolio-pic\"><img decoding=\"async\" src=\"https:\/\/www.hochzeitammeer.com\/wp-content\/uploads\/2017\/10\/Tauchen-Haus-Ru\u0308ckseite-Krk-Kroatien-Traumhochzeit-am-Meer--460x300.jpg\" \/><div class=\"portfolio-overlay\"><span class=\"overlay-link\"><\/span><\/div><\/span><\/a>\n\t\t\t\t  \t\t<a href=\"https:\/\/www.hochzeitammeer.com\/index.php\/portfolio-item\/unser-apartment-haus\/\" title=\"Unser Apartment Haus\" class=\"portfolio-title\"><h4>Unser Apartment Haus<\/h4><span>Unser modernes Apartment Haus<\/span><\/a>\n\t\t\t\t  \t<\/div><\/div><div class=\"portfolio-item four columns\"><div class=\"portfolio-it\">\n\t\t\t\t  \t\t<a href=\"https:\/\/www.hochzeitammeer.com\/index.php\/portfolio-item\/apartment-1\/\" title=\"Apartment 1 ***\"><span class=\"portfolio-pic\"><img decoding=\"async\" src=\"https:\/\/www.hochzeitammeer.com\/wp-content\/uploads\/2017\/10\/Schlafzimmer-1-460x300.jpg\" \/><div class=\"portfolio-overlay\"><span class=\"overlay-link\"><\/span><\/div><\/span><\/a>\n\t\t\t\t  \t\t<a href=\"https:\/\/www.hochzeitammeer.com\/index.php\/portfolio-item\/apartment-1\/\" title=\"Apartment 1 ***\" class=\"portfolio-title\"><h4>Apartment 1 ***<\/h4><span>Apartment 1 ***<\/span><\/a>\n\t\t\t\t  \t<\/div><\/div><div class=\"portfolio-item four columns\"><div class=\"portfolio-it\">\n\t\t\t\t  \t\t<a href=\"https:\/\/www.hochzeitammeer.com\/index.php\/portfolio-item\/apartment2\/\" title=\"Apartment 2 ***\"><span class=\"portfolio-pic\"><img decoding=\"async\" src=\"https:\/\/www.hochzeitammeer.com\/wp-content\/uploads\/2017\/06\/5er-Schlafzimmer-1-460x300.jpg\" \/><div class=\"portfolio-overlay\"><span class=\"overlay-link\"><\/span><\/div><\/span><\/a>\n\t\t\t\t  \t\t<a href=\"https:\/\/www.hochzeitammeer.com\/index.php\/portfolio-item\/apartment2\/\" title=\"Apartment 2 ***\" class=\"portfolio-title\"><h4>Apartment 2 ***<\/h4><span>Apartment 2 ***<\/span><\/a>\n\t\t\t\t  \t<\/div><\/div><div class=\"portfolio-item four columns\"><div class=\"portfolio-it\">\n\t\t\t\t  \t\t<a href=\"https:\/\/www.hochzeitammeer.com\/index.php\/portfolio-item\/apartment-3\/\" title=\"Apartment 3 ****\"><span class=\"portfolio-pic\"><img decoding=\"async\" src=\"https:\/\/www.hochzeitammeer.com\/wp-content\/uploads\/2017\/10\/Schlafzimmer2.-1-460x300.jpg\" \/><div class=\"portfolio-overlay\"><span class=\"overlay-link\"><\/span><\/div><\/span><\/a>\n\t\t\t\t  \t\t<a href=\"https:\/\/www.hochzeitammeer.com\/index.php\/portfolio-item\/apartment-3\/\" title=\"Apartment 3 ****\" class=\"portfolio-title\"><h4>Apartment 3 ****<\/h4><span>Apartment 3 ****<\/span><\/a>\n\t\t\t\t  \t<\/div><\/div><\/div><div class=\"clear\"><\/div>\n<p>Noch mehr Infos finden Sie auf unserer anderen Webseite:\u00a0<a href=\"https:\/\/styria-guenis-diving-group.com\/\">styria-guenis-diving-group.com<\/a><br \/>\nEbenso k\u00f6nnen Sie uns jederzeit gerne kontaktieren und wir beraten Sie bei einem Erstgespr\u00e4ch!<\/p>\n","protected":false},"excerpt":{"rendered":"<p>Die Hochzeit auf Krk in Kroatien feiern, egal ob beim Tauchen, am Strand, oder am Boot Hochzeit am Strand Der Sand ist aufgew\u00e4rmt von der Sonne und das Meer rauscht\u2026 <a href=\"https:\/\/www.hochzeitammeer.com\/index.php\/portfolio-item\/apartment-3\/\" class=\"read-more-link\">weiterlesen &rarr;<\/a><\/p>\n","protected":false},"author":2,"featured_media":0,"parent":0,"menu_order":0,"comment_status":"closed","ping_status":"closed","template":"page-fullwidth.php","meta":{"footnotes":""},"class_list":["post-18","page","type-page","status-publish","hentry"],"aioseo_notices":[],"_links":{"self":[{"href":"https:\/\/www.hochzeitammeer.com\/index.php\/wp-json\/wp\/v2\/pages\/18","targetHints":{"allow":["GET"]}}],"collection":[{"href":"https:\/\/www.hochzeitammeer.com\/index.php\/wp-json\/wp\/v2\/pages"}],"about":[{"href":"https:\/\/www.hochzeitammeer.com\/index.php\/wp-json\/wp\/v2\/types\/page"}],"author":[{"embeddable":true,"href":"https:\/\/www.hochzeitammeer.com\/index.php\/wp-json\/wp\/v2\/users\/2"}],"replies":[{"embeddable":true,"href":"https:\/\/www.hochzeitammeer.com\/index.php\/wp-json\/wp\/v2\/comments?post=18"}],"version-history":[{"count":49,"href":"https:\/\/www.hochzeitammeer.com\/index.php\/wp-json\/wp\/v2\/pages\/18\/revisions"}],"predecessor-version":[{"id":268,"href":"https:\/\/www.hochzeitammeer.com\/index.php\/wp-json\/wp\/v2\/pages\/18\/revisions\/268"}],"wp:attachment":[{"href":"https:\/\/www.hochzeitammeer.com\/index.php\/wp-json\/wp\/v2\/media?parent=18"}],"curies":[{"name":"wp","href":"https:\/\/api.w.org\/{rel}","templated":true}]}}