{"id":153,"date":"2018-01-04T17:41:59","date_gmt":"2018-01-04T17:41:59","guid":{"rendered":"https:\/\/www.hochzeitammeer.com\/?page_id=153"},"modified":"2019-12-13T09:58:57","modified_gmt":"2019-12-13T09:58:57","slug":"preise","status":"publish","type":"page","link":"https:\/\/www.hochzeitammeer.com\/index.php\/preise\/","title":{"rendered":"Leistungen"},"content":{"rendered":"<h2>Hochzeit am Meer auf der sch\u00f6nen Insel Krk in Kroatien!<\/h2>\n<p><span class=\"responsive\"><img loading=\"lazy\" decoding=\"async\" class=\"alignnone wp-image-126 size-medium\" title=\"alt=\" src=\"https:\/\/www.hochzeitammeer.com\/wp-content\/uploads\/2017\/09\/20160917-WEB_8377-300x195.jpg\" alt=\"\" width=\"300\" height=\"195\" srcset=\"https:\/\/www.hochzeitammeer.com\/wp-content\/uploads\/2017\/09\/20160917-WEB_8377-300x195.jpg 300w, https:\/\/www.hochzeitammeer.com\/wp-content\/uploads\/2017\/09\/20160917-WEB_8377.jpg 448w\" sizes=\"auto, (max-width: 300px) 100vw, 300px\" \/><\/span><\/p>\n<p>&nbsp;<\/p>\n<p><strong>Hochzeit am Meer<\/strong> \u00fcbernimmt\u00a0die Organisation Deiner\u00a0Hochzeit auf der sch\u00f6nen Insel Krk.\u00a0Wir sorgen daf\u00fcr, dass eure Trauung reibungslos abl\u00e4uft und zu einen unvergesslichen Erlebnis wird.<\/p>\n<p>&nbsp;<\/p>\n<h2><strong>Wir planen jede Hochzeit individuell<\/strong><\/h2>\n<h3><strong>Am Strand, Schiff, Steg od. auch Unterwasser<\/strong><\/h3>\n<p><span class=\"responsive\"><\/p>\n\n\t\t<style type=\"text\/css\">\n\t\t\t#gallery-1 {\n\t\t\t\tmargin: auto;\n\t\t\t}\n\t\t\t#gallery-1 .gallery-item {\n\t\t\t\tfloat: left;\n\t\t\t\tmargin-top: 10px;\n\t\t\t\ttext-align: center;\n\t\t\t\twidth: 20%;\n\t\t\t}\n\t\t\t#gallery-1 img {\n\t\t\t\tborder: 2px solid #cfcfcf;\n\t\t\t}\n\t\t\t#gallery-1 .gallery-caption {\n\t\t\t\tmargin-left: 0;\n\t\t\t}\n\t\t\t\/* see gallery_shortcode() in wp-includes\/media.php *\/\n\t\t<\/style>\n\t\t<div id='gallery-1' class='gallery galleryid-153 gallery-columns-5 gallery-size-thumbnail'><dl class='gallery-item'>\n\t\t\t<dt class='gallery-icon landscape'>\n\t\t\t\t<a rel=\"prettyPhoto[slides]\" href='https:\/\/www.hochzeitammeer.com\/wp-content\/uploads\/2019\/12\/DSC_0005-Kopie.jpg'><img loading=\"lazy\" decoding=\"async\" width=\"150\" height=\"150\" src=\"https:\/\/www.hochzeitammeer.com\/wp-content\/uploads\/2019\/12\/DSC_0005-Kopie-150x150.jpg\" class=\"attachment-thumbnail size-thumbnail\" alt=\"\" aria-describedby=\"gallery-1-234\" srcset=\"https:\/\/www.hochzeitammeer.com\/wp-content\/uploads\/2019\/12\/DSC_0005-Kopie-150x150.jpg 150w, https:\/\/www.hochzeitammeer.com\/wp-content\/uploads\/2019\/12\/DSC_0005-Kopie-60x60.jpg 60w\" sizes=\"auto, (max-width: 150px) 100vw, 150px\" \/><\/a>\n\t\t\t<\/dt>\n\t\t\t\t<dd class='wp-caption-text gallery-caption' id='gallery-1-234'>\n\t\t\t\tAm Strand\n\t\t\t\t<\/dd><\/dl><dl class='gallery-item'>\n\t\t\t<dt class='gallery-icon landscape'>\n\t\t\t\t<a rel=\"prettyPhoto[slides]\" href='https:\/\/www.hochzeitammeer.com\/wp-content\/uploads\/2017\/09\/Boot-Kosjlun-1.jpg'><img loading=\"lazy\" decoding=\"async\" width=\"150\" height=\"150\" src=\"https:\/\/www.hochzeitammeer.com\/wp-content\/uploads\/2017\/09\/Boot-Kosjlun-1-150x150.jpg\" class=\"attachment-thumbnail size-thumbnail\" alt=\"\" aria-describedby=\"gallery-1-137\" srcset=\"https:\/\/www.hochzeitammeer.com\/wp-content\/uploads\/2017\/09\/Boot-Kosjlun-1-150x150.jpg 150w, https:\/\/www.hochzeitammeer.com\/wp-content\/uploads\/2017\/09\/Boot-Kosjlun-1-60x60.jpg 60w\" sizes=\"auto, (max-width: 150px) 100vw, 150px\" \/><\/a>\n\t\t\t<\/dt>\n\t\t\t\t<dd class='wp-caption-text gallery-caption' id='gallery-1-137'>\n\t\t\t\tAm Schiff\n\t\t\t\t<\/dd><\/dl><dl class='gallery-item'>\n\t\t\t<dt class='gallery-icon landscape'>\n\t\t\t\t<a rel=\"prettyPhoto[slides]\" href='https:\/\/www.hochzeitammeer.com\/wp-content\/uploads\/2017\/09\/vFxCZqA8GsiDE9oB58fVul0fzaQr-UHB8KCmgf2V0xywK5fRQq1q5HIpX0Wz9nSTiSY1CgMyTbtRT4sNH7SnDLEogITEWv81iT10YE7eLxdchVWn2zA993d-IQRZUIGN_large.jpg'><img loading=\"lazy\" decoding=\"async\" width=\"150\" height=\"150\" src=\"https:\/\/www.hochzeitammeer.com\/wp-content\/uploads\/2017\/09\/vFxCZqA8GsiDE9oB58fVul0fzaQr-UHB8KCmgf2V0xywK5fRQq1q5HIpX0Wz9nSTiSY1CgMyTbtRT4sNH7SnDLEogITEWv81iT10YE7eLxdchVWn2zA993d-IQRZUIGN_large-150x150.jpg\" class=\"attachment-thumbnail size-thumbnail\" alt=\"\" aria-describedby=\"gallery-1-149\" srcset=\"https:\/\/www.hochzeitammeer.com\/wp-content\/uploads\/2017\/09\/vFxCZqA8GsiDE9oB58fVul0fzaQr-UHB8KCmgf2V0xywK5fRQq1q5HIpX0Wz9nSTiSY1CgMyTbtRT4sNH7SnDLEogITEWv81iT10YE7eLxdchVWn2zA993d-IQRZUIGN_large-150x150.jpg 150w, https:\/\/www.hochzeitammeer.com\/wp-content\/uploads\/2017\/09\/vFxCZqA8GsiDE9oB58fVul0fzaQr-UHB8KCmgf2V0xywK5fRQq1q5HIpX0Wz9nSTiSY1CgMyTbtRT4sNH7SnDLEogITEWv81iT10YE7eLxdchVWn2zA993d-IQRZUIGN_large-60x60.jpg 60w\" sizes=\"auto, (max-width: 150px) 100vw, 150px\" \/><\/a>\n\t\t\t<\/dt>\n\t\t\t\t<dd class='wp-caption-text gallery-caption' id='gallery-1-149'>\n\t\t\t\tSteg oder Terrasse\n\t\t\t\t<\/dd><\/dl><dl class='gallery-item'>\n\t\t\t<dt class='gallery-icon landscape'>\n\t\t\t\t<a rel=\"prettyPhoto[slides]\" href='https:\/\/www.hochzeitammeer.com\/wp-content\/uploads\/2017\/09\/Mole-Klein.jpg'><img loading=\"lazy\" decoding=\"async\" width=\"150\" height=\"150\" src=\"https:\/\/www.hochzeitammeer.com\/wp-content\/uploads\/2017\/09\/Mole-Klein-150x150.jpg\" class=\"attachment-thumbnail size-thumbnail\" alt=\"\" aria-describedby=\"gallery-1-210\" srcset=\"https:\/\/www.hochzeitammeer.com\/wp-content\/uploads\/2017\/09\/Mole-Klein-150x150.jpg 150w, https:\/\/www.hochzeitammeer.com\/wp-content\/uploads\/2017\/09\/Mole-Klein-60x60.jpg 60w\" sizes=\"auto, (max-width: 150px) 100vw, 150px\" \/><\/a>\n\t\t\t<\/dt>\n\t\t\t\t<dd class='wp-caption-text gallery-caption' id='gallery-1-210'>\n\t\t\t\tMole\n\t\t\t\t<\/dd><\/dl><dl class='gallery-item'>\n\t\t\t<dt class='gallery-icon landscape'>\n\t\t\t\t<a rel=\"prettyPhoto[slides]\" href='https:\/\/www.hochzeitammeer.com\/wp-content\/uploads\/2017\/09\/Unter-Wasser-Tauchen-Erleben-ja-sagen-Traum-Hochzeit.jpg'><img loading=\"lazy\" decoding=\"async\" width=\"150\" height=\"150\" src=\"https:\/\/www.hochzeitammeer.com\/wp-content\/uploads\/2017\/09\/Unter-Wasser-Tauchen-Erleben-ja-sagen-Traum-Hochzeit-150x150.jpg\" class=\"attachment-thumbnail size-thumbnail\" alt=\"\" aria-describedby=\"gallery-1-52\" srcset=\"https:\/\/www.hochzeitammeer.com\/wp-content\/uploads\/2017\/09\/Unter-Wasser-Tauchen-Erleben-ja-sagen-Traum-Hochzeit-150x150.jpg 150w, https:\/\/www.hochzeitammeer.com\/wp-content\/uploads\/2017\/09\/Unter-Wasser-Tauchen-Erleben-ja-sagen-Traum-Hochzeit-60x60.jpg 60w\" sizes=\"auto, (max-width: 150px) 100vw, 150px\" \/><\/a>\n\t\t\t<\/dt>\n\t\t\t\t<dd class='wp-caption-text gallery-caption' id='gallery-1-52'>\n\t\t\t\tUnterwasser\n\t\t\t\t<\/dd><\/dl><br style=\"clear: both\" \/>\n\t\t<\/div>\n\n<p><\/span><\/p>\n<h2>Hochzeit am Meer<\/h2>\n<p><strong>Unsere Dienstleistungen umfassen:<\/strong><\/p>\n<ul>\n<li>die \u00dcbersetzungen und Beglaubigungen aller Dokumente<\/li>\n<li>Die n\u00f6tigen Vorbereitungen, Durchf\u00fchrung aller Amtswege und Terminreservierung am Standesamt in Krk<\/li>\n<li>ausf\u00fchrliche Besprechung nach der Ankunft, Besichtigung der \u00d6rtlichkeiten, an denen die Trauung stattfindet<\/li>\n<li>Dolmetschen w\u00e4hrend der Zeremonie<\/li>\n<li>\u00dcbersetzung und Beglaubigung der Kroatischen Heiratsurkunde ins Deutsche<\/li>\n<li>Geb\u00fchren f\u00fcr das Standesamt und die Beurkundung der Eheschlie\u00dfung<\/li>\n<li>Unterk\u00fcnfte (priv. Apartments, Ferienh\u00e4user oder Hotels)<\/li>\n<li>Taxi Dienste<\/li>\n<li>individuelle Hochzeitstorte<\/li>\n<li>professioneller Hochzeitsfotograf<\/li>\n<li>Brautstrau\u00df und Blumendekoration von Boot, Tafel, Terrassen Str\u00e4nde, Autos usw\u2026. lasst euch inspirieren: <a href=\"http:\/\/www.gabi-top-dekorateurin.at\/\">http:\/\/www.gabi-top-dekorateurin.at\/<\/a><\/li>\n<li>Hochzeitsmusik oder deutschsprachige DJ was mehr als 20 Jahre Berufserfahrung im Bereich Hochzeiten hat.<\/li>\n<li>Tafel (<strong>Hochzeitsessen<\/strong><strong>) <\/strong>mehrg\u00e4ngigen Men\u00fcs mit Kroatischer oder Internationaler K\u00fcche.<\/li>\n<li>Auf besondere w\u00fcnsche Weinverkostungen inkl. Pro\u0161ut und Schafsk\u00e4se in Urigen Kroatischen Weinkellern oder Konobas<\/li>\n<li>Und vieles mehr erz\u00e4hlt uns eure Spezialw\u00fcnsche\u2026<\/li>\n<\/ul>\n<h4><span class=\"responsive\"><\/h4>\n\n\t\t<style type=\"text\/css\">\n\t\t\t#gallery-2 {\n\t\t\t\tmargin: auto;\n\t\t\t}\n\t\t\t#gallery-2 .gallery-item {\n\t\t\t\tfloat: left;\n\t\t\t\tmargin-top: 10px;\n\t\t\t\ttext-align: center;\n\t\t\t\twidth: 25%;\n\t\t\t}\n\t\t\t#gallery-2 img {\n\t\t\t\tborder: 2px solid #cfcfcf;\n\t\t\t}\n\t\t\t#gallery-2 .gallery-caption {\n\t\t\t\tmargin-left: 0;\n\t\t\t}\n\t\t\t\/* see gallery_shortcode() in wp-includes\/media.php *\/\n\t\t<\/style>\n\t\t<div id='gallery-2' class='gallery galleryid-153 gallery-columns-4 gallery-size-thumbnail'><dl class='gallery-item'>\n\t\t\t<dt class='gallery-icon landscape'>\n\t\t\t\t<a rel=\"prettyPhoto[slides]\" href='https:\/\/www.hochzeitammeer.com\/?attachment_id=147'><img loading=\"lazy\" decoding=\"async\" width=\"150\" height=\"150\" src=\"https:\/\/www.hochzeitammeer.com\/wp-content\/uploads\/2017\/09\/IMG_5267-Kopie-150x150.jpg\" class=\"attachment-thumbnail size-thumbnail\" alt=\"\" srcset=\"https:\/\/www.hochzeitammeer.com\/wp-content\/uploads\/2017\/09\/IMG_5267-Kopie-150x150.jpg 150w, https:\/\/www.hochzeitammeer.com\/wp-content\/uploads\/2017\/09\/IMG_5267-Kopie-60x60.jpg 60w\" sizes=\"auto, (max-width: 150px) 100vw, 150px\" \/><\/a>\n\t\t\t<\/dt><\/dl><dl class='gallery-item'>\n\t\t\t<dt class='gallery-icon landscape'>\n\t\t\t\t<a rel=\"prettyPhoto[slides]\" href='https:\/\/www.hochzeitammeer.com\/?attachment_id=142'><img loading=\"lazy\" decoding=\"async\" width=\"150\" height=\"150\" src=\"https:\/\/www.hochzeitammeer.com\/wp-content\/uploads\/2017\/09\/4o4Ky-LHQ8PlD1i0UyBqiZBxPdL79l6b-4rfWNRSCgHJ_SByuLfOPhqLHRl5ge7BdBWKmTu-A1XaOW3fpRAoRX-4vYSSA0Y_ky26g0-RnJzG4ZoMUtH-hZLpqcCnDE0g_large-150x150.jpg\" class=\"attachment-thumbnail size-thumbnail\" alt=\"\" srcset=\"https:\/\/www.hochzeitammeer.com\/wp-content\/uploads\/2017\/09\/4o4Ky-LHQ8PlD1i0UyBqiZBxPdL79l6b-4rfWNRSCgHJ_SByuLfOPhqLHRl5ge7BdBWKmTu-A1XaOW3fpRAoRX-4vYSSA0Y_ky26g0-RnJzG4ZoMUtH-hZLpqcCnDE0g_large-150x150.jpg 150w, https:\/\/www.hochzeitammeer.com\/wp-content\/uploads\/2017\/09\/4o4Ky-LHQ8PlD1i0UyBqiZBxPdL79l6b-4rfWNRSCgHJ_SByuLfOPhqLHRl5ge7BdBWKmTu-A1XaOW3fpRAoRX-4vYSSA0Y_ky26g0-RnJzG4ZoMUtH-hZLpqcCnDE0g_large-60x60.jpg 60w\" sizes=\"auto, (max-width: 150px) 100vw, 150px\" \/><\/a>\n\t\t\t<\/dt><\/dl><dl class='gallery-item'>\n\t\t\t<dt class='gallery-icon landscape'>\n\t\t\t\t<a rel=\"prettyPhoto[slides]\" href='https:\/\/www.hochzeitammeer.com\/?attachment_id=146'><img loading=\"lazy\" decoding=\"async\" width=\"150\" height=\"150\" src=\"https:\/\/www.hochzeitammeer.com\/wp-content\/uploads\/2017\/09\/IMG_1646-150x150.jpg\" class=\"attachment-thumbnail size-thumbnail\" alt=\"\" srcset=\"https:\/\/www.hochzeitammeer.com\/wp-content\/uploads\/2017\/09\/IMG_1646-150x150.jpg 150w, https:\/\/www.hochzeitammeer.com\/wp-content\/uploads\/2017\/09\/IMG_1646-60x60.jpg 60w\" sizes=\"auto, (max-width: 150px) 100vw, 150px\" \/><\/a>\n\t\t\t<\/dt><\/dl><dl class='gallery-item'>\n\t\t\t<dt class='gallery-icon landscape'>\n\t\t\t\t<a rel=\"prettyPhoto[slides]\" href='https:\/\/www.hochzeitammeer.com\/?attachment_id=151'><img loading=\"lazy\" decoding=\"async\" width=\"150\" height=\"150\" src=\"https:\/\/www.hochzeitammeer.com\/wp-content\/uploads\/2017\/09\/XOKHOaovJpzECLni4IiGCn9iFoD2i1XfbFRJGOMDJ3gItWvVtkDe7wYRGTo1Wue-7e76fWxN3-Cq3fPrnLORoqDZb1C9-MbVzQkQ4Yxw1DxEwszFGzWUodnVAuGyCuy_large-150x150.jpg\" class=\"attachment-thumbnail size-thumbnail\" alt=\"\" srcset=\"https:\/\/www.hochzeitammeer.com\/wp-content\/uploads\/2017\/09\/XOKHOaovJpzECLni4IiGCn9iFoD2i1XfbFRJGOMDJ3gItWvVtkDe7wYRGTo1Wue-7e76fWxN3-Cq3fPrnLORoqDZb1C9-MbVzQkQ4Yxw1DxEwszFGzWUodnVAuGyCuy_large-150x150.jpg 150w, https:\/\/www.hochzeitammeer.com\/wp-content\/uploads\/2017\/09\/XOKHOaovJpzECLni4IiGCn9iFoD2i1XfbFRJGOMDJ3gItWvVtkDe7wYRGTo1Wue-7e76fWxN3-Cq3fPrnLORoqDZb1C9-MbVzQkQ4Yxw1DxEwszFGzWUodnVAuGyCuy_large-60x60.jpg 60w\" sizes=\"auto, (max-width: 150px) 100vw, 150px\" \/><\/a>\n\t\t\t<\/dt><\/dl><br style=\"clear: both\" \/>\n\t\t<\/div>\n\n<h4><\/span><\/h4>\n<h2>Hochzeit am Meer<\/h2>\n<p><strong>Ben\u00f6tigte Dokumente f\u00fcr eine Hochzeit in Kroatien f\u00fcr EU B\u00fcrger<\/strong><\/p>\n<ul>\n<li>G\u00fcltige Reisep\u00e4sse<\/li>\n<li>G\u00fcltige P\u00e4sse der Trauzeugen (2 Trauzeugen sind Pflicht)<\/li>\n<li>Internationale Geburtsurkunde<\/li>\n<li>Internationales Ehef\u00e4higkeitszeugnis<\/li>\n<li>Die internationalen Geburtsurkunde und das internationales Ehef\u00e4higkeitszeugnis d\u00fcrfen\u00a0nicht \u00e4lter als 3\u00a0Monate sein!<\/li>\n<\/ul>\n<h3>Anmeldung:<\/h3>\n<p>Ca 2 Monate Vorbereitungszeit<\/p>\n<p>Fr\u00fchestens 8 Wochen und sp\u00e4testens 3 Tage vor der Hochzeit findet in Kroatien die pers\u00f6nliche\u00a0Anmeldung des Brautpaares\u00a0am Standesamt in Anwesenheit eines gerichtlich beeideten Dolmetschers statt.<\/p>\n<p><strong>Ihr bekommt eine international anerkannte Heiratsurkunde, die<\/strong><strong>\u00a0<\/strong><strong>in eurem Heimatland rechtsg\u00fcltig<\/strong><strong> ist!<\/strong><\/p>\n<p>Hochzeit am Meer \u00fcbernimmt gerne die gesamte Planung eurer Hochzeit, aber ihr k\u00f6nnt euch auch selbstverst\u00e4ndlich mit einbringen das euer sch\u00f6nste Tag ein einmaliges Erlebnis wird&#8230;.<\/p>\n<blockquote class=\"wp-embedded-content\" data-secret=\"wehdq29XAI\"><p><a href=\"https:\/\/www.hochzeitammeer.com\/\">Home<\/a><\/p><\/blockquote>\n<p><iframe loading=\"lazy\" class=\"wp-embedded-content\" sandbox=\"allow-scripts\" security=\"restricted\" style=\"position: absolute; visibility: hidden;\" title=\"&#8222;Home&#8220; &#8212; Hochzeit am Meer\" src=\"https:\/\/www.hochzeitammeer.com\/embed\/#?secret=zOM4JnTFog#?secret=wehdq29XAI\" data-secret=\"wehdq29XAI\" width=\"600\" height=\"338\" frameborder=\"0\" marginwidth=\"0\" marginheight=\"0\" scrolling=\"no\"><\/iframe><\/p>\n","protected":false},"excerpt":{"rendered":"<p>Hochzeit am Meer auf der sch\u00f6nen Insel Krk in Kroatien! &nbsp; Hochzeit am Meer \u00fcbernimmt\u00a0die Organisation Deiner\u00a0Hochzeit auf der sch\u00f6nen Insel Krk.\u00a0Wir sorgen daf\u00fcr, dass eure Trauung reibungslos abl\u00e4uft und\u2026 <a href=\"https:\/\/www.hochzeitammeer.com\/index.php\/preise\/\" class=\"read-more-link\">weiterlesen &rarr;<\/a><\/p>\n","protected":false},"author":3,"featured_media":0,"parent":0,"menu_order":0,"comment_status":"closed","ping_status":"closed","template":"","meta":{"footnotes":""},"class_list":["post-153","page","type-page","status-publish","hentry"],"aioseo_notices":[],"_links":{"self":[{"href":"https:\/\/www.hochzeitammeer.com\/index.php\/wp-json\/wp\/v2\/pages\/153","targetHints":{"allow":["GET"]}}],"collection":[{"href":"https:\/\/www.hochzeitammeer.com\/index.php\/wp-json\/wp\/v2\/pages"}],"about":[{"href":"https:\/\/www.hochzeitammeer.com\/index.php\/wp-json\/wp\/v2\/types\/page"}],"author":[{"embeddable":true,"href":"https:\/\/www.hochzeitammeer.com\/index.php\/wp-json\/wp\/v2\/users\/3"}],"replies":[{"embeddable":true,"href":"https:\/\/www.hochzeitammeer.com\/index.php\/wp-json\/wp\/v2\/comments?post=153"}],"version-history":[{"count":8,"href":"https:\/\/www.hochzeitammeer.com\/index.php\/wp-json\/wp\/v2\/pages\/153\/revisions"}],"predecessor-version":[{"id":240,"href":"https:\/\/www.hochzeitammeer.com\/index.php\/wp-json\/wp\/v2\/pages\/153\/revisions\/240"}],"wp:attachment":[{"href":"https:\/\/www.hochzeitammeer.com\/index.php\/wp-json\/wp\/v2\/media?parent=153"}],"curies":[{"name":"wp","href":"https:\/\/api.w.org\/{rel}","templated":true}]}}